{"id":2718,"date":"2026-04-10T08:29:59","date_gmt":"2026-04-10T08:29:59","guid":{"rendered":"https:\/\/temporal.iplanmovilidad.com\/?page_id=2718"},"modified":"2026-04-17T12:54:23","modified_gmt":"2026-04-17T12:54:23","slug":"2718-2","status":"publish","type":"page","link":"https:\/\/iplanmovilidad.com\/?page_id=2718","title":{"rendered":"Transporte P\u00fablico"},"content":{"rendered":"\n<div class=\"wp-block-columns alignfull is-layout-flex wp-container-core-columns-is-layout-28f84493 wp-block-columns-is-layout-flex\">\n<div class=\"wp-block-column is-layout-flow wp-block-column-is-layout-flow\" style=\"padding-right:var(--wp--preset--spacing--30);padding-left:var(--wp--preset--spacing--60);flex-basis:33%\">\n<div class=\"wp-block-uagb-container uagb-block-c12ce4f2 alignfull uagb-is-root-container\"><div class=\"uagb-container-inner-blocks-wrap\">\n<div style=\"height:8px\" aria-hidden=\"true\" class=\"wp-block-spacer\"><\/div>\n\n\n\n<p class=\"gutenakitid-7d1c86fa-0cfc-4902-b1ea-f371d3105847 \" > Servicios<\/p>\n\n\n\n<div class=\"wp-block-uagb-separator uagb-block-6abded16\"><div class=\"wp-block-uagb-separator__inner\" style=\"--my-background-image:\"><\/div><\/div>\n\n\n\n<div style=\"height:115px\" aria-hidden=\"true\" class=\"wp-block-spacer\"><\/div>\n<\/div><\/div>\n\n\n\n<div class=\"wp-block-uagb-container uagb-block-53fe46cd alignfull uagb-is-root-container\"><div class=\"uagb-container-inner-blocks-wrap\">\n<div class=\"wp-block-uagb-separator uagb-block-7d8dc54b\"><div class=\"wp-block-uagb-separator__inner\" style=\"--my-background-image:\"><\/div><\/div>\n\n\n\n<div class=\"wp-block-uagb-buttons uagb-buttons__outer-wrap uagb-btn__small-btn uagb-btn-tablet__default-btn uagb-btn-mobile__default-btn uagb-block-1a8be5b8\"><div class=\"uagb-buttons__wrap uagb-buttons-layout-wrap \">\n<div class=\"wp-block-uagb-buttons-child uagb-buttons__outer-wrap uagb-block-162d5528 wp-block-button\"><div class=\"uagb-button__wrapper\"><a class=\"uagb-buttons-repeater wp-block-button__link\" aria-label=\"\" href=\"https:\/\/iplanmovilidad.com\/?page_id=2509\" rel=\"follow noopener\" target=\"_self\" role=\"button\"><div class=\"uagb-button__link\">FERROCARRIL<\/div><\/a><\/div><\/div>\n<\/div><\/div>\n\n\n\n<div class=\"wp-block-uagb-separator uagb-block-5304dd63\"><div class=\"uagb-separator-spacing-wrapper\"><div class=\"wp-block-uagb-separator__inner\" style=\"--my-background-image:\"><\/div><\/div><\/div>\n\n\n\n<div class=\"wp-block-uagb-buttons uagb-buttons__outer-wrap uagb-btn__small-btn uagb-btn-tablet__default-btn uagb-btn-mobile__default-btn uagb-block-1bb4917f\"><div class=\"uagb-buttons__wrap uagb-buttons-layout-wrap \">\n<div class=\"wp-block-uagb-buttons-child uagb-buttons__outer-wrap uagb-block-7bfcb602 wp-block-button\"><div class=\"uagb-button__wrapper\"><a class=\"uagb-buttons-repeater wp-block-button__link\" aria-label=\"\" href=\"https:\/\/iplanmovilidad.com\/?page_id=2670\" rel=\"follow noopener\" target=\"_self\" role=\"button\"><div class=\"uagb-button__link\">JUR\u00cdDICO<\/div><\/a><\/div><\/div>\n<\/div><\/div>\n\n\n\n<div class=\"wp-block-uagb-separator uagb-block-2798878c\"><div class=\"uagb-separator-spacing-wrapper\"><div class=\"wp-block-uagb-separator__inner\" style=\"--my-background-image:\"><\/div><\/div><\/div>\n\n\n\n<div class=\"wp-block-uagb-buttons uagb-buttons__outer-wrap uagb-btn__small-btn uagb-btn-tablet__default-btn uagb-btn-mobile__default-btn uagb-block-bb4db775\"><div class=\"uagb-buttons__wrap uagb-buttons-layout-wrap \">\n<div class=\"wp-block-uagb-buttons-child uagb-buttons__outer-wrap uagb-block-3a513b2f wp-block-button\"><div class=\"uagb-button__wrapper\"><a class=\"uagb-buttons-repeater wp-block-button__link\" aria-label=\"\" href=\"https:\/\/iplanmovilidad.com\/?page_id=2680\" rel=\"follow noopener\" target=\"_self\" role=\"button\"><div class=\"uagb-button__link\">LOG\u00cdSTICA<\/div><\/a><\/div><\/div>\n<\/div><\/div>\n\n\n\n<div class=\"wp-block-uagb-separator uagb-block-4971e5ee\"><div class=\"uagb-separator-spacing-wrapper\"><div class=\"wp-block-uagb-separator__inner\" style=\"--my-background-image:\"><\/div><\/div><\/div>\n\n\n\n<div class=\"wp-block-uagb-buttons uagb-buttons__outer-wrap uagb-btn__small-btn uagb-btn-tablet__default-btn uagb-btn-mobile__default-btn uagb-block-c8148f52\"><div class=\"uagb-buttons__wrap uagb-buttons-layout-wrap \">\n<div class=\"wp-block-uagb-buttons-child uagb-buttons__outer-wrap uagb-block-cffdb717 wp-block-button\"><div class=\"uagb-button__wrapper\"><a class=\"uagb-buttons-repeater wp-block-button__link\" aria-label=\"\" href=\"https:\/\/iplanmovilidad.com\/?page_id=2688\" rel=\"follow noopener\" target=\"_self\" role=\"button\"><div class=\"uagb-button__link\">MOVILIDAD<\/div><\/a><\/div><\/div>\n<\/div><\/div>\n\n\n\n<div class=\"wp-block-uagb-separator uagb-block-a09beae3\"><div class=\"uagb-separator-spacing-wrapper\"><div class=\"wp-block-uagb-separator__inner\" style=\"--my-background-image:\"><\/div><\/div><\/div>\n\n\n\n<div class=\"wp-block-uagb-buttons uagb-buttons__outer-wrap uagb-btn__small-btn uagb-btn-tablet__default-btn uagb-btn-mobile__default-btn uagb-block-08838236\"><div class=\"uagb-buttons__wrap uagb-buttons-layout-wrap \">\n<div class=\"wp-block-uagb-buttons-child uagb-buttons__outer-wrap uagb-block-f55fbb3d wp-block-button\"><div class=\"uagb-button__wrapper\"><a class=\"uagb-buttons-repeater wp-block-button__link\" aria-label=\"\" href=\"https:\/\/iplanmovilidad.com\/?page_id=2698\" rel=\"follow noopener\" target=\"_self\" role=\"button\"><div class=\"uagb-button__link\">SOLUCIONES TECNOL\u00d3GICAS<\/div><\/a><\/div><\/div>\n<\/div><\/div>\n\n\n\n<div class=\"wp-block-uagb-separator uagb-block-90aebaf6\"><div class=\"uagb-separator-spacing-wrapper\"><div class=\"wp-block-uagb-separator__inner\" style=\"--my-background-image:\"><\/div><\/div><\/div>\n\n\n\n<div class=\"wp-block-uagb-buttons uagb-buttons__outer-wrap uagb-btn__small-btn uagb-btn-tablet__default-btn uagb-btn-mobile__default-btn uagb-block-95756cc3\"><div class=\"uagb-buttons__wrap uagb-buttons-layout-wrap \">\n<div class=\"wp-block-uagb-buttons-child uagb-buttons__outer-wrap uagb-block-d6109aa1 wp-block-button\"><div class=\"uagb-button__wrapper\"><a class=\"uagb-buttons-repeater wp-block-button__link\" aria-label=\"\" href=\"https:\/\/iplanmovilidad.com\/?page_id=2708\" rel=\"follow noopener\" target=\"_self\" role=\"button\"><div class=\"uagb-button__link\">TR\u00c1FICO<\/div><\/a><\/div><\/div>\n<\/div><\/div>\n\n\n\n<div class=\"wp-block-uagb-separator uagb-block-cf09eba7\"><div class=\"uagb-separator-spacing-wrapper\"><div class=\"wp-block-uagb-separator__inner\" style=\"--my-background-image:\"><\/div><\/div><\/div>\n\n\n\n<div class=\"wp-block-uagb-buttons uagb-buttons__outer-wrap uagb-btn__small-btn uagb-btn-tablet__default-btn uagb-btn-mobile__default-btn uagb-block-42144727\"><div class=\"uagb-buttons__wrap uagb-buttons-layout-wrap \">\n<div class=\"wp-block-uagb-buttons-child uagb-buttons__outer-wrap uagb-block-de96a29c wp-block-button\"><div class=\"uagb-button__wrapper\"><a class=\"uagb-buttons-repeater wp-block-button__link\" aria-label=\"\" href=\"https:\/\/iplanmovilidad.com\/?page_id=2718\" rel=\"follow noopener\" target=\"_self\" role=\"button\"><div class=\"uagb-button__link\">TRANSPORTE P\u00daBLICO<\/div><\/a><\/div><\/div>\n<\/div><\/div>\n<\/div><\/div>\n<\/div>\n\n\n\n<div class=\"wp-block-column is-layout-flow wp-block-column-is-layout-flow\" style=\"padding-right:var(--wp--preset--spacing--80);padding-left:var(--wp--preset--spacing--80)\">\n<div style=\"height:12px\" aria-hidden=\"true\" class=\"wp-block-spacer\"><\/div>\n\n\n\n<div class=\"wp-block-uagb-container uagb-block-9a0f5548 alignfull uagb-is-root-container\"><div class=\"uagb-container-inner-blocks-wrap\">\n<p class=\"gutenakitid-6567994c-9204-4d10-a8fe-17e45954d828  has-text-align-left has-small-font-size\" style=\"margin-top:0;margin-bottom:0\">TRANSPORTE P\u00daBLICO<\/p>\n\n\n\n<div style=\"height:10px\" aria-hidden=\"true\" class=\"wp-block-spacer\"><\/div>\n\n\n\n<p class=\"gutenakitid-64aa03de-d474-4b82-906f-4f81b115de95  has-small-font-size\" style=\"margin-top:0;margin-bottom:0\">Trabajamos con administraciones p\u00fablicas y operadores en el dise\u00f1o, planificaci\u00f3n y mejora de redes de transporte p\u00fablico. Aportamos el an\u00e1lisis t\u00e9cnico y econ\u00f3mico necesario para la toma de decisiones, integrando la planificaci\u00f3n del servicio, el conocimiento del marco contractual y la realidad del sector.<\/p>\n\n\n\n<div style=\"height:6px\" aria-hidden=\"true\" class=\"wp-block-spacer\"><\/div>\n<\/div><\/div>\n\n\n\n<figure class=\"wp-block-image alignfull size-full\"><img fetchpriority=\"high\" decoding=\"async\" width=\"2560\" height=\"793\" src=\"https:\/\/iplanmovilidad.com\/wp-content\/uploads\/2026\/04\/quehacemos-21-scaled.jpg\" alt=\"\" class=\"wp-image-3038\" srcset=\"https:\/\/iplanmovilidad.com\/wp-content\/uploads\/2026\/04\/quehacemos-21-scaled.jpg 2560w, https:\/\/iplanmovilidad.com\/wp-content\/uploads\/2026\/04\/quehacemos-21-300x93.jpg 300w, https:\/\/iplanmovilidad.com\/wp-content\/uploads\/2026\/04\/quehacemos-21-1024x317.jpg 1024w, https:\/\/iplanmovilidad.com\/wp-content\/uploads\/2026\/04\/quehacemos-21-768x238.jpg 768w, https:\/\/iplanmovilidad.com\/wp-content\/uploads\/2026\/04\/quehacemos-21-1536x476.jpg 1536w, https:\/\/iplanmovilidad.com\/wp-content\/uploads\/2026\/04\/quehacemos-21-2048x634.jpg 2048w\" sizes=\"(max-width: 2560px) 100vw, 2560px\" \/><\/figure>\n\n\n\n<div class=\"wp-block-uagb-container uagb-block-5d5593db alignfull uagb-is-root-container\"><div class=\"uagb-container-inner-blocks-wrap\">\n<p class=\"gutenakitid-d5b07e22-8fce-447d-a0db-e6207964fccd  has-small-font-size\" style=\"margin-top:0;margin-bottom:0\">Nuestro equipo multidisciplinar interviene en todas las fases del proceso, desde el dise\u00f1o t\u00e9cnico y la planificaci\u00f3n econ\u00f3mica de los servicios hasta la preparaci\u00f3n de licitaciones, la resoluci\u00f3n de recursos y el seguimiento de la explotaci\u00f3n. Aplicamos herramientas tecnol\u00f3gicas avanzadas y metodolog\u00edas propias para desarrollar soluciones viables y orientadas a mejorar la calidad y eficiencia del transporte p\u00fablico.<\/p>\n\n\n\n<div style=\"height:10px\" aria-hidden=\"true\" class=\"wp-block-spacer\"><\/div>\n<\/div><\/div>\n\n\n\n<div class=\"wp-block-gutena-accordion gutena-accordion-block gutena-accordion-block-a772ea-6d is-layout-flow wp-block-accordion-is-layout-flow\" data-single=\"true\">\n<div class=\"wp-block-gutena-accordion-panel gutena-accordion-block__panel\">\n<div class=\"wp-block-gutena-accordion-panel-title gutena-accordion-block__panel-title\" style=\"border-top-color:var(--wp--preset--color--ast-global-color-7);border-top-width:1px\"><div class=\"gutena-accordion-block__panel-title-inner\">\n<h6 class=\"gutenakitid-22b3e2fe-1262-4edb-8fa4-6f4b9cd7d947  wp-block-heading has-text-align-left\" style=\"margin-top:0px;margin-right:0px;margin-bottom:0px;margin-left:0px\">Planificaci\u00f3n y dise\u00f1o de redes de transporte p\u00fablico<\/h6>\n<div class=\"trigger-up-down\"><div class=\"horizontal\"><\/div><div class=\"vertical\"><\/div><\/div><\/div><\/div>\n\n\n\n<div class=\"wp-block-gutena-accordion-panel-content gutena-accordion-block__panel-content\"><div class=\"gutena-accordion-block__panel-content-inner\">\n<div style=\"height:20px\" aria-hidden=\"true\" class=\"wp-block-spacer\"><\/div>\n\n\n\n<p class=\"gutenakitid-9a85d33b-289e-4ea2-87f4-42e56f46bd55  has-small-font-size\" style=\"margin-top:0;margin-bottom:0\">Dise\u00f1amos y reorganizamos redes de transporte p\u00fablico para adaptarlas a las necesidades de movilidad actuales y futuras. Analizamos la demanda, la estructura territorial y la integraci\u00f3n con otros modos para definir soluciones eficientes y coherentes con el entorno.<\/p>\n\n\n\n<div style=\"height:10px\" aria-hidden=\"true\" class=\"wp-block-spacer\"><\/div>\n\n\n\n<p class=\"gutenakitid-9a85d33b-289e-4ea2-87f4-42e56f46bd55  has-small-font-size\" style=\"margin-top:0;margin-bottom:0\">Nuestro enfoque combina el an\u00e1lisis t\u00e9cnico con la visi\u00f3n operativa del servicio, garantizando la viabilidad de las propuestas.<\/p>\n\n\n\n<div style=\"height:20px\" aria-hidden=\"true\" class=\"wp-block-spacer\"><\/div>\n<\/div><\/div>\n<\/div>\n\n\n\n<div class=\"wp-block-gutena-accordion-panel gutena-accordion-block__panel\">\n<div class=\"wp-block-gutena-accordion-panel-title gutena-accordion-block__panel-title\" style=\"border-top-color:var(--wp--preset--color--ast-global-color-7);border-top-width:1px\"><div class=\"gutena-accordion-block__panel-title-inner\">\n<h6 class=\"gutenakitid-22b3e2fe-1262-4edb-8fa4-6f4b9cd7d947  wp-block-heading has-text-align-left\" style=\"margin-top:0px;margin-right:0px;margin-bottom:0px;margin-left:0px\">Definici\u00f3n y estructuraci\u00f3n de modelos concesionales<\/h6>\n<div class=\"trigger-up-down\"><div class=\"horizontal\"><\/div><div class=\"vertical\"><\/div><\/div><\/div><\/div>\n\n\n\n<div class=\"wp-block-gutena-accordion-panel-content gutena-accordion-block__panel-content\"><div class=\"gutena-accordion-block__panel-content-inner\">\n<div style=\"height:20px\" aria-hidden=\"true\" class=\"wp-block-spacer\"><\/div>\n\n\n\n<p class=\"gutenakitid-9a85d33b-289e-4ea2-87f4-42e56f46bd55 has-small-font-size has-small-font-size\" style=\"margin-top:0;margin-bottom:0\">Definimos y estructuramos modelos de gesti\u00f3n y concesi\u00f3n del transporte p\u00fablico, adaptados a los marcos normativos y regulatorios vigentes. Dise\u00f1amos los elementos clave de los contratos, asegurando su coherencia t\u00e9cnica, econ\u00f3mica y operativa. Este trabajo permite sentar las bases para una prestaci\u00f3n eficiente y sostenible del servicio.<\/p>\n\n\n\n<div style=\"height:20px\" aria-hidden=\"true\" class=\"wp-block-spacer\"><\/div>\n<\/div><\/div>\n<\/div>\n\n\n\n<div class=\"wp-block-gutena-accordion-panel gutena-accordion-block__panel\">\n<div class=\"wp-block-gutena-accordion-panel-title gutena-accordion-block__panel-title\" style=\"border-top-color:var(--wp--preset--color--ast-global-color-7);border-top-width:1px\"><div class=\"gutena-accordion-block__panel-title-inner\">\n<h6 class=\"gutenakitid-22b3e2fe-1262-4edb-8fa4-6f4b9cd7d947  wp-block-heading has-text-align-left\" style=\"margin-top:0px;margin-right:0px;margin-bottom:0px;margin-left:0px\">Preparaci\u00f3n y gesti\u00f3n de procesos de licitaci\u00f3n<\/h6>\n<div class=\"trigger-up-down\"><div class=\"horizontal\"><\/div><div class=\"vertical\"><\/div><\/div><\/div><\/div>\n\n\n\n<div class=\"wp-block-gutena-accordion-panel-content gutena-accordion-block__panel-content\"><div class=\"gutena-accordion-block__panel-content-inner\">\n<div style=\"height:20px\" aria-hidden=\"true\" class=\"wp-block-spacer\"><\/div>\n\n\n\n<p class=\"gutenakitid-9a85d33b-289e-4ea2-87f4-42e56f46bd55 has-small-font-size has-small-font-size\" style=\"margin-top:0;margin-bottom:0\">Elaboramos la documentaci\u00f3n t\u00e9cnica necesaria para la licitaci\u00f3n de servicios de transporte p\u00fablico, incluyendo pliegos y criterios de adjudicaci\u00f3n. Acompa\u00f1amos a las administraciones en todo el proceso, asegurando la calidad y coherencia de la licitaci\u00f3n. Asimismo, participamos en la evaluaci\u00f3n t\u00e9cnica y econ\u00f3mica de las ofertas presentadas.<\/p>\n\n\n\n<div style=\"height:20px\" aria-hidden=\"true\" class=\"wp-block-spacer\"><\/div>\n<\/div><\/div>\n<\/div>\n\n\n\n<div class=\"wp-block-gutena-accordion-panel gutena-accordion-block__panel\">\n<div class=\"wp-block-gutena-accordion-panel-title gutena-accordion-block__panel-title\" style=\"border-top-color:var(--wp--preset--color--ast-global-color-7);border-top-width:1px\"><div class=\"gutena-accordion-block__panel-title-inner\">\n<h6 class=\"gutenakitid-22b3e2fe-1262-4edb-8fa4-6f4b9cd7d947  wp-block-heading has-text-align-left\" style=\"margin-top:0px;margin-right:0px;margin-bottom:0px;margin-left:0px\">Planificaci\u00f3n de flota<\/h6>\n<div class=\"trigger-up-down\"><div class=\"horizontal\"><\/div><div class=\"vertical\"><\/div><\/div><\/div><\/div>\n\n\n\n<div class=\"wp-block-gutena-accordion-panel-content gutena-accordion-block__panel-content\"><div class=\"gutena-accordion-block__panel-content-inner\">\n<div style=\"height:20px\" aria-hidden=\"true\" class=\"wp-block-spacer\"><\/div>\n\n\n\n<p class=\"gutenakitid-9a85d33b-289e-4ea2-87f4-42e56f46bd55 has-small-font-size has-small-font-size\" style=\"margin-top:0;margin-bottom:0\">Definimos planes de flota alineados con la normativa vigente y los objetivos de descarbonizaci\u00f3n del transporte. Establecemos los requisitos t\u00e9cnicos del material m\u00f3vil y analizamos su adecuaci\u00f3n a las condiciones de explotaci\u00f3n.<\/p>\n\n\n\n<div style=\"height:10px\" aria-hidden=\"true\" class=\"wp-block-spacer\"><\/div>\n\n\n\n<p class=\"gutenakitid-9a85d33b-289e-4ea2-87f4-42e56f46bd55 has-small-font-size has-small-font-size\" style=\"margin-top:0;margin-bottom:0\">Evaluamos distintas alternativas tecnol\u00f3gicas para garantizar soluciones viables y sostenibles a medio y largo plazo.<\/p>\n\n\n\n<div style=\"height:20px\" aria-hidden=\"true\" class=\"wp-block-spacer\"><\/div>\n<\/div><\/div>\n<\/div>\n\n\n\n<div class=\"wp-block-gutena-accordion-panel gutena-accordion-block__panel\">\n<div class=\"wp-block-gutena-accordion-panel-title gutena-accordion-block__panel-title\" style=\"border-top-color:var(--wp--preset--color--ast-global-color-7);border-top-width:1px\"><div class=\"gutena-accordion-block__panel-title-inner\">\n<h6 class=\"gutenakitid-22b3e2fe-1262-4edb-8fa4-6f4b9cd7d947  wp-block-heading has-text-align-left\" style=\"margin-top:0px;margin-right:0px;margin-bottom:0px;margin-left:0px\">Definici\u00f3n de sistemas inteligentes de transporte<\/h6>\n<div class=\"trigger-up-down\"><div class=\"horizontal\"><\/div><div class=\"vertical\"><\/div><\/div><\/div><\/div>\n\n\n\n<div class=\"wp-block-gutena-accordion-panel-content gutena-accordion-block__panel-content\"><div class=\"gutena-accordion-block__panel-content-inner\">\n<div style=\"height:20px\" aria-hidden=\"true\" class=\"wp-block-spacer\"><\/div>\n\n\n\n<p class=\"gutenakitid-9a85d33b-289e-4ea2-87f4-42e56f46bd55 has-small-font-size has-small-font-size\" style=\"margin-top:0;margin-bottom:0\">Definimos los requisitos funcionales y t\u00e9cnicos de los sistemas inteligentes de transporte, orientados a mejorar la gesti\u00f3n, el control y la informaci\u00f3n al usuario.<\/p>\n\n\n\n<div style=\"height:15px\" aria-hidden=\"true\" class=\"wp-block-spacer\"><\/div>\n\n\n\n<p class=\"gutenakitid-9a85d33b-289e-4ea2-87f4-42e56f46bd55 has-small-font-size has-small-font-size\" style=\"margin-top:0;margin-bottom:0\">Acompa\u00f1amos a los clientes en la incorporaci\u00f3n de nuevas herramientas tecnol\u00f3gicas que permiten avanzar hacia modelos de transporte m\u00e1s eficientes y digitalizados.<\/p>\n\n\n\n<div style=\"height:20px\" aria-hidden=\"true\" class=\"wp-block-spacer\"><\/div>\n<\/div><\/div>\n<\/div>\n\n\n\n<div class=\"wp-block-gutena-accordion-panel gutena-accordion-block__panel\">\n<div class=\"wp-block-gutena-accordion-panel-title gutena-accordion-block__panel-title\" style=\"border-top-color:var(--wp--preset--color--ast-global-color-7);border-top-width:1px\"><div class=\"gutena-accordion-block__panel-title-inner\">\n<h6 class=\"gutenakitid-22b3e2fe-1262-4edb-8fa4-6f4b9cd7d947  wp-block-heading has-text-align-left\" style=\"margin-top:0px;margin-right:0px;margin-bottom:0px;margin-left:0px\">Seguimiento y control de la explotaci\u00f3n<\/h6>\n<div class=\"trigger-up-down\"><div class=\"horizontal\"><\/div><div class=\"vertical\"><\/div><\/div><\/div><\/div>\n\n\n\n<div class=\"wp-block-gutena-accordion-panel-content gutena-accordion-block__panel-content\"><div class=\"gutena-accordion-block__panel-content-inner\">\n<div style=\"height:20px\" aria-hidden=\"true\" class=\"wp-block-spacer\"><\/div>\n\n\n\n<p class=\"gutenakitid-9a85d33b-289e-4ea2-87f4-42e56f46bd55 has-small-font-size has-small-font-size\" style=\"margin-top:0;margin-bottom:0\">Realizamos el seguimiento del servicio en explotaci\u00f3n, evaluando el cumplimiento de los est\u00e1ndares de calidad y las condiciones contractuales. Analizamos indicadores de operaci\u00f3n y proponemos medidas de mejora orientadas a optimizar el funcionamiento del sistema.<\/p>\n\n\n\n<div style=\"height:20px\" aria-hidden=\"true\" class=\"wp-block-spacer\"><\/div>\n<\/div><\/div>\n<\/div>\n\n\n\n<div class=\"wp-block-gutena-accordion-panel gutena-accordion-block__panel\">\n<div class=\"wp-block-gutena-accordion-panel-title gutena-accordion-block__panel-title\" style=\"border-top-color:var(--wp--preset--color--ast-global-color-7);border-top-width:1px\"><div class=\"gutena-accordion-block__panel-title-inner\">\n<h6 class=\"gutenakitid-22b3e2fe-1262-4edb-8fa4-6f4b9cd7d947  wp-block-heading has-text-align-left\" style=\"margin-top:0px;margin-right:0px;margin-bottom:0px;margin-left:0px\">Asistencia en la gesti\u00f3n contractual<\/h6>\n<div class=\"trigger-up-down\"><div class=\"horizontal\"><\/div><div class=\"vertical\"><\/div><\/div><\/div><\/div>\n\n\n\n<div class=\"wp-block-gutena-accordion-panel-content gutena-accordion-block__panel-content\"><div class=\"gutena-accordion-block__panel-content-inner\">\n<div style=\"height:20px\" aria-hidden=\"true\" class=\"wp-block-spacer\"><\/div>\n\n\n\n<p class=\"gutenakitid-9a85d33b-289e-4ea2-87f4-42e56f46bd55 has-small-font-size has-small-font-size\" style=\"margin-top:0;margin-bottom:0\">Prestamos apoyo t\u00e9cnico en la gesti\u00f3n de contratos de transporte p\u00fablico, incluyendo la interpretaci\u00f3n de condiciones, la resoluci\u00f3n de incidencias y la tramitaci\u00f3n de recursos.<\/p>\n\n\n\n<div style=\"height:15px\" aria-hidden=\"true\" class=\"wp-block-spacer\"><\/div>\n\n\n\n<p class=\"gutenakitid-9a85d33b-289e-4ea2-87f4-42e56f46bd55 has-small-font-size has-small-font-size\" style=\"margin-top:0;margin-bottom:0\">Aportamos criterio t\u00e9cnico en situaciones complejas, contribuyendo a una gesti\u00f3n rigurosa y fundamentada de los procesos.<\/p>\n\n\n\n<div style=\"height:20px\" aria-hidden=\"true\" class=\"wp-block-spacer\"><\/div>\n<\/div><\/div>\n<\/div>\n<\/div>\n\n\n\n<div style=\"height:10px\" aria-hidden=\"true\" class=\"wp-block-spacer\"><\/div>\n\n\n\n<div style=\"height:35px\" aria-hidden=\"true\" class=\"wp-block-spacer\"><\/div>\n<\/div>\n<\/div>\n\n\n\n<div style=\"height:50px\" aria-hidden=\"true\" class=\"wp-block-spacer\"><\/div>\n\n\n\n<p><\/p>\n","protected":false},"excerpt":{"rendered":"<p>Servicios TRANSPORTE P\u00daBLICO Trabajamos con administraciones p\u00fablicas y operadores en el dise\u00f1o, planificaci\u00f3n y mejora de redes de transporte p\u00fablico. [&hellip;]<\/p>\n","protected":false},"author":1,"featured_media":0,"parent":0,"menu_order":0,"comment_status":"closed","ping_status":"closed","template":"","meta":{"_uag_custom_page_level_css":"","site-sidebar-layout":"default","site-content-layout":"","ast-site-content-layout":"default","site-content-style":"default","site-sidebar-style":"default","ast-global-header-display":"","ast-banner-title-visibility":"","ast-main-header-display":"","ast-hfb-above-header-display":"","ast-hfb-below-header-display":"","ast-hfb-mobile-header-display":"","site-post-title":"disabled","ast-breadcrumbs-content":"","ast-featured-img":"","footer-sml-layout":"","ast-disable-related-posts":"","theme-transparent-header-meta":"","adv-header-id-meta":"","stick-header-meta":"","header-above-stick-meta":"","header-main-stick-meta":"","header-below-stick-meta":"","astra-migrate-meta-layouts":"default","ast-page-background-enabled":"default","ast-page-background-meta":{"desktop":{"background-color":"var(--ast-global-color-5)","background-image":"","background-repeat":"repeat","background-position":"center center","background-size":"auto","background-attachment":"scroll","background-type":"","background-media":"","overlay-type":"","overlay-color":"","overlay-opacity":"","overlay-gradient":""},"tablet":{"background-color":"","background-image":"","background-repeat":"repeat","background-position":"center center","background-size":"auto","background-attachment":"scroll","background-type":"","background-media":"","overlay-type":"","overlay-color":"","overlay-opacity":"","overlay-gradient":""},"mobile":{"background-color":"","background-image":"","background-repeat":"repeat","background-position":"center center","background-size":"auto","background-attachment":"scroll","background-type":"","background-media":"","overlay-type":"","overlay-color":"","overlay-opacity":"","overlay-gradient":""}},"ast-content-background-meta":{"desktop":{"background-color":"var(--ast-global-color-4)","background-image":"","background-repeat":"repeat","background-position":"center center","background-size":"auto","background-attachment":"scroll","background-type":"","background-media":"","overlay-type":"","overlay-color":"","overlay-opacity":"","overlay-gradient":""},"tablet":{"background-color":"var(--ast-global-color-4)","background-image":"","background-repeat":"repeat","background-position":"center center","background-size":"auto","background-attachment":"scroll","background-type":"","background-media":"","overlay-type":"","overlay-color":"","overlay-opacity":"","overlay-gradient":""},"mobile":{"background-color":"var(--ast-global-color-4)","background-image":"","background-repeat":"repeat","background-position":"center center","background-size":"auto","background-attachment":"scroll","background-type":"","background-media":"","overlay-type":"","overlay-color":"","overlay-opacity":"","overlay-gradient":""}},"footnotes":""},"class_list":["post-2718","page","type-page","status-publish","hentry"],"aioseo_notices":[],"uagb_featured_image_src":{"full":false,"thumbnail":false,"medium":false,"medium_large":false,"large":false,"1536x1536":false,"2048x2048":false},"uagb_author_info":{"display_name":"admin","author_link":"https:\/\/iplanmovilidad.com\/?author=1"},"uagb_comment_info":0,"uagb_excerpt":"Servicios TRANSPORTE P\u00daBLICO Trabajamos con administraciones p\u00fablicas y operadores en el dise\u00f1o, planificaci\u00f3n y mejora de redes de transporte p\u00fablico. [&hellip;]","_links":{"self":[{"href":"https:\/\/iplanmovilidad.com\/index.php?rest_route=\/wp\/v2\/pages\/2718","targetHints":{"allow":["GET"]}}],"collection":[{"href":"https:\/\/iplanmovilidad.com\/index.php?rest_route=\/wp\/v2\/pages"}],"about":[{"href":"https:\/\/iplanmovilidad.com\/index.php?rest_route=\/wp\/v2\/types\/page"}],"author":[{"embeddable":true,"href":"https:\/\/iplanmovilidad.com\/index.php?rest_route=\/wp\/v2\/users\/1"}],"replies":[{"embeddable":true,"href":"https:\/\/iplanmovilidad.com\/index.php?rest_route=%2Fwp%2Fv2%2Fcomments&post=2718"}],"version-history":[{"count":8,"href":"https:\/\/iplanmovilidad.com\/index.php?rest_route=\/wp\/v2\/pages\/2718\/revisions"}],"predecessor-version":[{"id":3040,"href":"https:\/\/iplanmovilidad.com\/index.php?rest_route=\/wp\/v2\/pages\/2718\/revisions\/3040"}],"wp:attachment":[{"href":"https:\/\/iplanmovilidad.com\/index.php?rest_route=%2Fwp%2Fv2%2Fmedia&parent=2718"}],"curies":[{"name":"wp","href":"https:\/\/api.w.org\/{rel}","templated":true}]}}