{"id":2688,"date":"2026-04-10T08:06:23","date_gmt":"2026-04-10T08:06:23","guid":{"rendered":"https:\/\/temporal.iplanmovilidad.com\/?page_id=2688"},"modified":"2026-04-17T12:56:40","modified_gmt":"2026-04-17T12:56:40","slug":"2688-2","status":"publish","type":"page","link":"https:\/\/iplanmovilidad.com\/?page_id=2688","title":{"rendered":"Movilidad"},"content":{"rendered":"\n<div class=\"wp-block-columns alignfull is-layout-flex wp-container-core-columns-is-layout-28f84493 wp-block-columns-is-layout-flex\">\n<div class=\"wp-block-column is-layout-flow wp-block-column-is-layout-flow\" style=\"padding-right:var(--wp--preset--spacing--30);padding-left:var(--wp--preset--spacing--60);flex-basis:33%\">\n<div class=\"wp-block-uagb-container uagb-block-c12ce4f2 alignfull uagb-is-root-container\"><div class=\"uagb-container-inner-blocks-wrap\">\n<div style=\"height:8px\" aria-hidden=\"true\" class=\"wp-block-spacer\"><\/div>\n\n\n\n<p class=\"gutenakitid-7d1c86fa-0cfc-4902-b1ea-f371d3105847 \" > Servicios<\/p>\n\n\n\n<div class=\"wp-block-uagb-separator uagb-block-6abded16\"><div class=\"wp-block-uagb-separator__inner\" style=\"--my-background-image:\"><\/div><\/div>\n\n\n\n<div style=\"height:115px\" aria-hidden=\"true\" class=\"wp-block-spacer\"><\/div>\n<\/div><\/div>\n\n\n\n<div class=\"wp-block-uagb-container uagb-block-65914ed7 alignfull uagb-is-root-container\"><div class=\"uagb-container-inner-blocks-wrap\">\n<div class=\"wp-block-uagb-separator uagb-block-8c10f8d0\"><div class=\"wp-block-uagb-separator__inner\" style=\"--my-background-image:\"><\/div><\/div>\n\n\n\n<div class=\"wp-block-uagb-buttons uagb-buttons__outer-wrap uagb-btn__small-btn uagb-btn-tablet__default-btn uagb-btn-mobile__default-btn uagb-block-545f16bf\"><div class=\"uagb-buttons__wrap uagb-buttons-layout-wrap \">\n<div class=\"wp-block-uagb-buttons-child uagb-buttons__outer-wrap uagb-block-6b040d88 wp-block-button\"><div class=\"uagb-button__wrapper\"><a class=\"uagb-buttons-repeater wp-block-button__link\" aria-label=\"\" href=\"https:\/\/iplanmovilidad.com\/?page_id=2509\" rel=\"follow noopener\" target=\"_self\" role=\"button\"><div class=\"uagb-button__link\">FERROCARRIL<\/div><\/a><\/div><\/div>\n<\/div><\/div>\n\n\n\n<div class=\"wp-block-uagb-separator uagb-block-9f8bd388\"><div class=\"uagb-separator-spacing-wrapper\"><div class=\"wp-block-uagb-separator__inner\" style=\"--my-background-image:\"><\/div><\/div><\/div>\n\n\n\n<div class=\"wp-block-uagb-buttons uagb-buttons__outer-wrap uagb-btn__small-btn uagb-btn-tablet__default-btn uagb-btn-mobile__default-btn uagb-block-01c0ed2a\"><div class=\"uagb-buttons__wrap uagb-buttons-layout-wrap \">\n<div class=\"wp-block-uagb-buttons-child uagb-buttons__outer-wrap uagb-block-1998100a wp-block-button\"><div class=\"uagb-button__wrapper\"><a class=\"uagb-buttons-repeater wp-block-button__link\" aria-label=\"\" href=\"https:\/\/iplanmovilidad.com\/?page_id=2670\" rel=\"follow noopener\" target=\"_self\" role=\"button\"><div class=\"uagb-button__link\">JUR\u00cdDICO<\/div><\/a><\/div><\/div>\n<\/div><\/div>\n\n\n\n<div class=\"wp-block-uagb-separator uagb-block-153c10e1\"><div class=\"uagb-separator-spacing-wrapper\"><div class=\"wp-block-uagb-separator__inner\" style=\"--my-background-image:\"><\/div><\/div><\/div>\n\n\n\n<div class=\"wp-block-uagb-buttons uagb-buttons__outer-wrap uagb-btn__small-btn uagb-btn-tablet__default-btn uagb-btn-mobile__default-btn uagb-block-1920c4ac\"><div class=\"uagb-buttons__wrap uagb-buttons-layout-wrap \">\n<div class=\"wp-block-uagb-buttons-child uagb-buttons__outer-wrap uagb-block-c6fef583 wp-block-button\"><div class=\"uagb-button__wrapper\"><a class=\"uagb-buttons-repeater wp-block-button__link\" aria-label=\"\" href=\"https:\/\/iplanmovilidad.com\/?page_id=2680\" rel=\"follow noopener\" target=\"_self\" role=\"button\"><div class=\"uagb-button__link\">LOG\u00cdSTICA<\/div><\/a><\/div><\/div>\n<\/div><\/div>\n\n\n\n<div class=\"wp-block-uagb-separator uagb-block-25dfe8c4\"><div class=\"uagb-separator-spacing-wrapper\"><div class=\"wp-block-uagb-separator__inner\" style=\"--my-background-image:\"><\/div><\/div><\/div>\n\n\n\n<div class=\"wp-block-uagb-buttons uagb-buttons__outer-wrap uagb-btn__small-btn uagb-btn-tablet__default-btn uagb-btn-mobile__default-btn uagb-block-5517ce02\"><div class=\"uagb-buttons__wrap uagb-buttons-layout-wrap \">\n<div class=\"wp-block-uagb-buttons-child uagb-buttons__outer-wrap uagb-block-fc046c67 wp-block-button\"><div class=\"uagb-button__wrapper\"><a class=\"uagb-buttons-repeater wp-block-button__link\" aria-label=\"\" href=\"https:\/\/iplanmovilidad.com\/?page_id=2688\" rel=\"follow noopener\" target=\"_self\" role=\"button\"><div class=\"uagb-button__link\">MOVILIDAD<\/div><\/a><\/div><\/div>\n<\/div><\/div>\n\n\n\n<div class=\"wp-block-uagb-separator uagb-block-a09c8701\"><div class=\"uagb-separator-spacing-wrapper\"><div class=\"wp-block-uagb-separator__inner\" style=\"--my-background-image:\"><\/div><\/div><\/div>\n\n\n\n<div class=\"wp-block-uagb-buttons uagb-buttons__outer-wrap uagb-btn__small-btn uagb-btn-tablet__default-btn uagb-btn-mobile__default-btn uagb-block-fa26f75a\"><div class=\"uagb-buttons__wrap uagb-buttons-layout-wrap \">\n<div class=\"wp-block-uagb-buttons-child uagb-buttons__outer-wrap uagb-block-23502a3d wp-block-button\"><div class=\"uagb-button__wrapper\"><a class=\"uagb-buttons-repeater wp-block-button__link\" aria-label=\"\" href=\"https:\/\/iplanmovilidad.com\/?page_id=2698\" rel=\"follow noopener\" target=\"_self\" role=\"button\"><div class=\"uagb-button__link\">SOLUCIONES TECNOL\u00d3GICAS<\/div><\/a><\/div><\/div>\n<\/div><\/div>\n\n\n\n<div class=\"wp-block-uagb-separator uagb-block-4e29534b\"><div class=\"uagb-separator-spacing-wrapper\"><div class=\"wp-block-uagb-separator__inner\" style=\"--my-background-image:\"><\/div><\/div><\/div>\n\n\n\n<div class=\"wp-block-uagb-buttons uagb-buttons__outer-wrap uagb-btn__small-btn uagb-btn-tablet__default-btn uagb-btn-mobile__default-btn uagb-block-aa55a7d2\"><div class=\"uagb-buttons__wrap uagb-buttons-layout-wrap \">\n<div class=\"wp-block-uagb-buttons-child uagb-buttons__outer-wrap uagb-block-b0887168 wp-block-button\"><div class=\"uagb-button__wrapper\"><a class=\"uagb-buttons-repeater wp-block-button__link\" aria-label=\"\" href=\"https:\/\/iplanmovilidad.com\/?page_id=2708\" rel=\"follow noopener\" target=\"_self\" role=\"button\"><div class=\"uagb-button__link\">TR\u00c1FICO<\/div><\/a><\/div><\/div>\n<\/div><\/div>\n\n\n\n<div class=\"wp-block-uagb-separator uagb-block-f3c26fe3\"><div class=\"uagb-separator-spacing-wrapper\"><div class=\"wp-block-uagb-separator__inner\" style=\"--my-background-image:\"><\/div><\/div><\/div>\n\n\n\n<div class=\"wp-block-uagb-buttons uagb-buttons__outer-wrap uagb-btn__small-btn uagb-btn-tablet__default-btn uagb-btn-mobile__default-btn uagb-block-f987130a\"><div class=\"uagb-buttons__wrap uagb-buttons-layout-wrap \">\n<div class=\"wp-block-uagb-buttons-child uagb-buttons__outer-wrap uagb-block-3a1d5ad7 wp-block-button\"><div class=\"uagb-button__wrapper\"><a class=\"uagb-buttons-repeater wp-block-button__link\" aria-label=\"\" href=\"https:\/\/iplanmovilidad.com\/?page_id=2718\" rel=\"follow noopener\" target=\"_self\" role=\"button\"><div class=\"uagb-button__link\">TRANSPORTE P\u00daBLICO<\/div><\/a><\/div><\/div>\n<\/div><\/div>\n<\/div><\/div>\n<\/div>\n\n\n\n<div class=\"wp-block-column is-layout-flow wp-block-column-is-layout-flow\" style=\"padding-right:var(--wp--preset--spacing--80);padding-left:var(--wp--preset--spacing--80)\">\n<div style=\"height:12px\" aria-hidden=\"true\" class=\"wp-block-spacer\"><\/div>\n\n\n\n<div class=\"wp-block-uagb-container uagb-block-9a0f5548 alignfull uagb-is-root-container\"><div class=\"uagb-container-inner-blocks-wrap\">\n<p class=\"gutenakitid-d184ad7b-48e4-4775-9767-ea45191792b3  has-text-align-left has-small-font-size\" style=\"margin-top:0;margin-bottom:0\">MOVILIDAD<\/p>\n\n\n\n<div style=\"height:10px\" aria-hidden=\"true\" class=\"wp-block-spacer\"><\/div>\n\n\n\n<p class=\"gutenakitid-64aa03de-d474-4b82-906f-4f81b115de95  has-small-font-size\" style=\"margin-top:0;margin-bottom:0\">La movilidad constituye un elemento clave en la configuraci\u00f3n del territorio y en la calidad de vida de las personas. Definimos estrategias y planes que integran los distintos modos de transporte, partiendo del an\u00e1lisis de los patrones de desplazamiento y orientados a mejorar la accesibilidad, la eficiencia y la sostenibilidad del sistema.<\/p>\n\n\n\n<div style=\"height:6px\" aria-hidden=\"true\" class=\"wp-block-spacer\"><\/div>\n<\/div><\/div>\n\n\n\n<figure class=\"wp-block-image alignfull size-full\"><img fetchpriority=\"high\" decoding=\"async\" width=\"2560\" height=\"793\" src=\"https:\/\/iplanmovilidad.com\/wp-content\/uploads\/2026\/04\/quehacemos-18-scaled.jpg\" alt=\"\" class=\"wp-image-3035\" srcset=\"https:\/\/iplanmovilidad.com\/wp-content\/uploads\/2026\/04\/quehacemos-18-scaled.jpg 2560w, https:\/\/iplanmovilidad.com\/wp-content\/uploads\/2026\/04\/quehacemos-18-300x93.jpg 300w, https:\/\/iplanmovilidad.com\/wp-content\/uploads\/2026\/04\/quehacemos-18-1024x317.jpg 1024w, https:\/\/iplanmovilidad.com\/wp-content\/uploads\/2026\/04\/quehacemos-18-768x238.jpg 768w, https:\/\/iplanmovilidad.com\/wp-content\/uploads\/2026\/04\/quehacemos-18-1536x476.jpg 1536w, https:\/\/iplanmovilidad.com\/wp-content\/uploads\/2026\/04\/quehacemos-18-2048x634.jpg 2048w\" sizes=\"(max-width: 2560px) 100vw, 2560px\" \/><\/figure>\n\n\n\n<div class=\"wp-block-uagb-container uagb-block-5d5593db alignfull uagb-is-root-container\"><div class=\"uagb-container-inner-blocks-wrap\">\n<p class=\"gutenakitid-d5b07e22-8fce-447d-a0db-e6207964fccd  has-small-font-size\" style=\"margin-top:0;margin-bottom:0\">Abordamos la movilidad desde una perspectiva multiescala, desde \u00e1mbitos urbanos hasta territorios completos, combinando an\u00e1lisis, planificaci\u00f3n y definici\u00f3n de medidas. Este enfoque permite traducir el diagn\u00f3stico en actuaciones concretas y acompa\u00f1ar su implantaci\u00f3n mediante herramientas de seguimiento y gesti\u00f3n.<\/p>\n\n\n\n<div style=\"height:10px\" aria-hidden=\"true\" class=\"wp-block-spacer\"><\/div>\n<\/div><\/div>\n\n\n\n<div class=\"wp-block-gutena-accordion gutena-accordion-block gutena-accordion-block-33d927-d8 is-layout-flow wp-block-accordion-is-layout-flow\" data-single=\"true\">\n<div class=\"wp-block-gutena-accordion-panel gutena-accordion-block__panel\">\n<div class=\"wp-block-gutena-accordion-panel-title gutena-accordion-block__panel-title\" style=\"border-top-color:var(--wp--preset--color--ast-global-color-7);border-top-width:1px\"><div class=\"gutena-accordion-block__panel-title-inner\">\n<h6 class=\"gutenakitid-9befb481-1450-408d-b8f8-a9c96839bc8d  wp-block-heading has-text-align-left\" style=\"margin-top:0px;margin-right:0px;margin-bottom:0px;margin-left:0px\">Planificaci\u00f3n de la movilidad<\/h6>\n<div class=\"trigger-up-down\"><div class=\"horizontal\"><\/div><div class=\"vertical\"><\/div><\/div><\/div><\/div>\n\n\n\n<div class=\"wp-block-gutena-accordion-panel-content gutena-accordion-block__panel-content\"><div class=\"gutena-accordion-block__panel-content-inner\">\n<div style=\"height:20px\" aria-hidden=\"true\" class=\"wp-block-spacer\"><\/div>\n\n\n\n<p class=\"gutenakitid-9a85d33b-289e-4ea2-87f4-42e56f46bd55  has-small-font-size\" style=\"margin-top:0;margin-bottom:0\">Elaboramos planes de movilidad a distintas escalas, definiendo estrategias integrales que abordan el conjunto del sistema. Analizamos la situaci\u00f3n actual, identificamos problem\u00e1ticas y definimos medidas orientadas a mejorar la accesibilidad y optimizar el funcionamiento global del sistema.<\/p>\n\n\n\n<div style=\"height:10px\" aria-hidden=\"true\" class=\"wp-block-spacer\"><\/div>\n\n\n\n<p class=\"gutenakitid-9a85d33b-289e-4ea2-87f4-42e56f46bd55  has-small-font-size\" style=\"margin-top:0;margin-bottom:0\">Incluye el desarrollo de Planes de Movilidad Urbana Sostenible (PMUS), planes territoriales y planes de movilidad al trabajo.<\/p>\n\n\n\n<div style=\"height:20px\" aria-hidden=\"true\" class=\"wp-block-spacer\"><\/div>\n<\/div><\/div>\n<\/div>\n\n\n\n<div class=\"wp-block-gutena-accordion-panel gutena-accordion-block__panel\">\n<div class=\"wp-block-gutena-accordion-panel-title gutena-accordion-block__panel-title\" style=\"border-top-color:var(--wp--preset--color--ast-global-color-7);border-top-width:1px\"><div class=\"gutena-accordion-block__panel-title-inner\">\n<h6 class=\"gutenakitid-9befb481-1450-408d-b8f8-a9c96839bc8d  wp-block-heading has-text-align-left\" style=\"margin-top:0px;margin-right:0px;margin-bottom:0px;margin-left:0px\">Movilidad en \u00e1mbitos espec\u00edficos<\/h6>\n<div class=\"trigger-up-down\"><div class=\"horizontal\"><\/div><div class=\"vertical\"><\/div><\/div><\/div><\/div>\n\n\n\n<div class=\"wp-block-gutena-accordion-panel-content gutena-accordion-block__panel-content\"><div class=\"gutena-accordion-block__panel-content-inner\">\n<div style=\"height:20px\" aria-hidden=\"true\" class=\"wp-block-spacer\"><\/div>\n\n\n\n<p class=\"gutenakitid-9a85d33b-289e-4ea2-87f4-42e56f46bd55 has-small-font-size has-small-font-size\" style=\"margin-top:0;margin-bottom:0\">Analizamos la movilidad asociada a \u00e1mbitos concretos, como desarrollos urbanos, centros de actividad o grandes eventos.<\/p>\n\n\n\n<div style=\"height:10px\" aria-hidden=\"true\" class=\"wp-block-spacer\"><\/div>\n\n\n\n<p class=\"gutenakitid-9a85d33b-289e-4ea2-87f4-42e56f46bd55 has-small-font-size has-small-font-size\" style=\"margin-top:0;margin-bottom:0\">Evaluamos su impacto sobre el sistema existente y definimos medidas operativas y organizativas que garanticen un funcionamiento adecuado, seguro y eficiente.<\/p>\n\n\n\n<div style=\"height:20px\" aria-hidden=\"true\" class=\"wp-block-spacer\"><\/div>\n<\/div><\/div>\n<\/div>\n\n\n\n<div class=\"wp-block-gutena-accordion-panel gutena-accordion-block__panel\">\n<div class=\"wp-block-gutena-accordion-panel-title gutena-accordion-block__panel-title\" style=\"border-top-color:var(--wp--preset--color--ast-global-color-7);border-top-width:1px\"><div class=\"gutena-accordion-block__panel-title-inner\">\n<h6 class=\"gutenakitid-9befb481-1450-408d-b8f8-a9c96839bc8d  wp-block-heading has-text-align-left\" style=\"margin-top:0px;margin-right:0px;margin-bottom:0px;margin-left:0px\">Estrategia y gesti\u00f3n de la movilidad urbana<\/h6>\n<div class=\"trigger-up-down\"><div class=\"horizontal\"><\/div><div class=\"vertical\"><\/div><\/div><\/div><\/div>\n\n\n\n<div class=\"wp-block-gutena-accordion-panel-content gutena-accordion-block__panel-content\"><div class=\"gutena-accordion-block__panel-content-inner\">\n<div style=\"height:20px\" aria-hidden=\"true\" class=\"wp-block-spacer\"><\/div>\n\n\n\n<p class=\"gutenakitid-9a85d33b-289e-4ea2-87f4-42e56f46bd55 has-small-font-size has-small-font-size\" style=\"margin-top:0;margin-bottom:0\">Dise\u00f1amos estrategias orientadas a la transici\u00f3n hacia modelos de movilidad m\u00e1s sostenibles, incluyendo la implantaci\u00f3n de Zonas de Bajas Emisiones y otras medidas de gesti\u00f3n.<\/p>\n\n\n\n<div style=\"height:10px\" aria-hidden=\"true\" class=\"wp-block-spacer\"><\/div>\n\n\n\n<p class=\"gutenakitid-9a85d33b-289e-4ea2-87f4-42e56f46bd55 has-small-font-size has-small-font-size\" style=\"margin-top:0;margin-bottom:0\">Evaluamos su impacto y aseguramos su coherencia con el funcionamiento global del sistema de movilidad.<\/p>\n\n\n\n<div style=\"height:20px\" aria-hidden=\"true\" class=\"wp-block-spacer\"><\/div>\n<\/div><\/div>\n<\/div>\n\n\n\n<div class=\"wp-block-gutena-accordion-panel gutena-accordion-block__panel\">\n<div class=\"wp-block-gutena-accordion-panel-title gutena-accordion-block__panel-title\" style=\"border-top-color:var(--wp--preset--color--ast-global-color-7);border-top-width:1px\"><div class=\"gutena-accordion-block__panel-title-inner\">\n<h6 class=\"gutenakitid-9befb481-1450-408d-b8f8-a9c96839bc8d  wp-block-heading has-text-align-left\" style=\"margin-top:0px;margin-right:0px;margin-bottom:0px;margin-left:0px\">Accesibilidad y cohesi\u00f3n territorial<\/h6>\n<div class=\"trigger-up-down\"><div class=\"horizontal\"><\/div><div class=\"vertical\"><\/div><\/div><\/div><\/div>\n\n\n\n<div class=\"wp-block-gutena-accordion-panel-content gutena-accordion-block__panel-content\"><div class=\"gutena-accordion-block__panel-content-inner\">\n<div style=\"height:20px\" aria-hidden=\"true\" class=\"wp-block-spacer\"><\/div>\n\n\n\n<p class=\"gutenakitid-9a85d33b-289e-4ea2-87f4-42e56f46bd55 has-small-font-size has-small-font-size\" style=\"margin-top:0;margin-bottom:0\">Analizamos el grado de accesibilidad a servicios, equipamientos y oportunidades en distintos territorios, evaluando tiempos de desplazamiento y conectividad.<\/p>\n\n\n\n<div style=\"height:10px\" aria-hidden=\"true\" class=\"wp-block-spacer\"><\/div>\n\n\n\n<p class=\"gutenakitid-9a85d33b-289e-4ea2-87f4-42e56f46bd55 has-small-font-size has-small-font-size\" style=\"margin-top:0;margin-bottom:0\">Identificamos desequilibrios territoriales y proponemos medidas orientadas a mejorar la cohesi\u00f3n y garantizar un acceso m\u00e1s equilibrado.<\/p>\n\n\n\n<div style=\"height:20px\" aria-hidden=\"true\" class=\"wp-block-spacer\"><\/div>\n<\/div><\/div>\n<\/div>\n\n\n\n<div class=\"wp-block-gutena-accordion-panel gutena-accordion-block__panel\">\n<div class=\"wp-block-gutena-accordion-panel-title gutena-accordion-block__panel-title\" style=\"border-top-color:var(--wp--preset--color--ast-global-color-7);border-top-width:1px\"><div class=\"gutena-accordion-block__panel-title-inner\">\n<h6 class=\"gutenakitid-9befb481-1450-408d-b8f8-a9c96839bc8d  wp-block-heading has-text-align-left\" style=\"margin-top:0px;margin-right:0px;margin-bottom:0px;margin-left:0px\">Gesti\u00f3n y seguimiento de la movilidad<\/h6>\n<div class=\"trigger-up-down\"><div class=\"horizontal\"><\/div><div class=\"vertical\"><\/div><\/div><\/div><\/div>\n\n\n\n<div class=\"wp-block-gutena-accordion-panel-content gutena-accordion-block__panel-content\"><div class=\"gutena-accordion-block__panel-content-inner\">\n<div style=\"height:20px\" aria-hidden=\"true\" class=\"wp-block-spacer\"><\/div>\n\n\n\n<p class=\"gutenakitid-9a85d33b-289e-4ea2-87f4-42e56f46bd55 has-small-font-size has-small-font-size\" style=\"margin-top:0;margin-bottom:0\">Acompa\u00f1amos a las administraciones en la gesti\u00f3n continua de la movilidad, proporcionando soporte t\u00e9cnico y herramientas para la toma de decisiones.&nbsp; Esto incluye oficinas y observatorios de movilidad as\u00ed como apoyo a centros de gesti\u00f3n de tr\u00e1fico.<\/p>\n\n\n\n<div style=\"height:15px\" aria-hidden=\"true\" class=\"wp-block-spacer\"><\/div>\n\n\n\n<p class=\"gutenakitid-9a85d33b-289e-4ea2-87f4-42e56f46bd55 has-small-font-size has-small-font-size\" style=\"margin-top:0;margin-bottom:0\">Desarrollamos funciones de seguimiento, an\u00e1lisis y apoyo a la toma de decisiones, adaptando las pol\u00edticas a la evoluci\u00f3n del sistema.<\/p>\n\n\n\n<div style=\"height:20px\" aria-hidden=\"true\" class=\"wp-block-spacer\"><\/div>\n<\/div><\/div>\n<\/div>\n\n\n\n<div class=\"wp-block-gutena-accordion-panel gutena-accordion-block__panel\">\n<div class=\"wp-block-gutena-accordion-panel-title gutena-accordion-block__panel-title\" style=\"border-top-color:var(--wp--preset--color--ast-global-color-7);border-top-width:1px\"><div class=\"gutena-accordion-block__panel-title-inner\">\n<h6 class=\"gutenakitid-9befb481-1450-408d-b8f8-a9c96839bc8d  wp-block-heading has-text-align-left\" style=\"margin-top:0px;margin-right:0px;margin-bottom:0px;margin-left:0px\">Datos y herramientas de movilidad<\/h6>\n<div class=\"trigger-up-down\"><div class=\"horizontal\"><\/div><div class=\"vertical\"><\/div><\/div><\/div><\/div>\n\n\n\n<div class=\"wp-block-gutena-accordion-panel-content gutena-accordion-block__panel-content\"><div class=\"gutena-accordion-block__panel-content-inner\">\n<div style=\"height:20px\" aria-hidden=\"true\" class=\"wp-block-spacer\"><\/div>\n\n\n\n<p class=\"gutenakitid-9a85d33b-289e-4ea2-87f4-42e56f46bd55 has-small-font-size has-small-font-size\" style=\"margin-top:0;margin-bottom:0\">Desarrollamos herramientas digitales para analizar y gestionar la informaci\u00f3n de movilidad de forma integrada.<\/p>\n\n\n\n<div style=\"height:15px\" aria-hidden=\"true\" class=\"wp-block-spacer\"><\/div>\n\n\n\n<p class=\"gutenakitid-9a85d33b-289e-4ea2-87f4-42e56f46bd55 has-small-font-size has-small-font-size\" style=\"margin-top:0;margin-bottom:0\">Incluye visores GIS y cuadros de mando que permiten visualizar patrones de desplazamiento, hacer seguimiento de indicadores y evaluar escenarios.<\/p>\n\n\n\n<div style=\"height:20px\" aria-hidden=\"true\" class=\"wp-block-spacer\"><\/div>\n<\/div><\/div>\n<\/div>\n<\/div>\n\n\n\n<div style=\"height:10px\" aria-hidden=\"true\" class=\"wp-block-spacer\"><\/div>\n\n\n\n<div style=\"height:35px\" aria-hidden=\"true\" class=\"wp-block-spacer\"><\/div>\n<\/div>\n<\/div>\n\n\n\n<div style=\"height:50px\" aria-hidden=\"true\" class=\"wp-block-spacer\"><\/div>\n\n\n\n<p><\/p>\n","protected":false},"excerpt":{"rendered":"<p>Servicios MOVILIDAD La movilidad constituye un elemento clave en la configuraci\u00f3n del territorio y en la calidad de vida de [&hellip;]<\/p>\n","protected":false},"author":1,"featured_media":0,"parent":0,"menu_order":0,"comment_status":"closed","ping_status":"closed","template":"","meta":{"_uag_custom_page_level_css":"","site-sidebar-layout":"default","site-content-layout":"","ast-site-content-layout":"default","site-content-style":"default","site-sidebar-style":"default","ast-global-header-display":"","ast-banner-title-visibility":"","ast-main-header-display":"","ast-hfb-above-header-display":"","ast-hfb-below-header-display":"","ast-hfb-mobile-header-display":"","site-post-title":"disabled","ast-breadcrumbs-content":"","ast-featured-img":"","footer-sml-layout":"","ast-disable-related-posts":"","theme-transparent-header-meta":"","adv-header-id-meta":"","stick-header-meta":"","header-above-stick-meta":"","header-main-stick-meta":"","header-below-stick-meta":"","astra-migrate-meta-layouts":"default","ast-page-background-enabled":"default","ast-page-background-meta":{"desktop":{"background-color":"var(--ast-global-color-5)","background-image":"","background-repeat":"repeat","background-position":"center center","background-size":"auto","background-attachment":"scroll","background-type":"","background-media":"","overlay-type":"","overlay-color":"","overlay-opacity":"","overlay-gradient":""},"tablet":{"background-color":"","background-image":"","background-repeat":"repeat","background-position":"center center","background-size":"auto","background-attachment":"scroll","background-type":"","background-media":"","overlay-type":"","overlay-color":"","overlay-opacity":"","overlay-gradient":""},"mobile":{"background-color":"","background-image":"","background-repeat":"repeat","background-position":"center center","background-size":"auto","background-attachment":"scroll","background-type":"","background-media":"","overlay-type":"","overlay-color":"","overlay-opacity":"","overlay-gradient":""}},"ast-content-background-meta":{"desktop":{"background-color":"var(--ast-global-color-4)","background-image":"","background-repeat":"repeat","background-position":"center center","background-size":"auto","background-attachment":"scroll","background-type":"","background-media":"","overlay-type":"","overlay-color":"","overlay-opacity":"","overlay-gradient":""},"tablet":{"background-color":"var(--ast-global-color-4)","background-image":"","background-repeat":"repeat","background-position":"center center","background-size":"auto","background-attachment":"scroll","background-type":"","background-media":"","overlay-type":"","overlay-color":"","overlay-opacity":"","overlay-gradient":""},"mobile":{"background-color":"var(--ast-global-color-4)","background-image":"","background-repeat":"repeat","background-position":"center center","background-size":"auto","background-attachment":"scroll","background-type":"","background-media":"","overlay-type":"","overlay-color":"","overlay-opacity":"","overlay-gradient":""}},"footnotes":""},"class_list":["post-2688","page","type-page","status-publish","hentry"],"aioseo_notices":[],"uagb_featured_image_src":{"full":false,"thumbnail":false,"medium":false,"medium_large":false,"large":false,"1536x1536":false,"2048x2048":false},"uagb_author_info":{"display_name":"admin","author_link":"https:\/\/iplanmovilidad.com\/?author=1"},"uagb_comment_info":0,"uagb_excerpt":"Servicios MOVILIDAD La movilidad constituye un elemento clave en la configuraci\u00f3n del territorio y en la calidad de vida de [&hellip;]","_links":{"self":[{"href":"https:\/\/iplanmovilidad.com\/index.php?rest_route=\/wp\/v2\/pages\/2688","targetHints":{"allow":["GET"]}}],"collection":[{"href":"https:\/\/iplanmovilidad.com\/index.php?rest_route=\/wp\/v2\/pages"}],"about":[{"href":"https:\/\/iplanmovilidad.com\/index.php?rest_route=\/wp\/v2\/types\/page"}],"author":[{"embeddable":true,"href":"https:\/\/iplanmovilidad.com\/index.php?rest_route=\/wp\/v2\/users\/1"}],"replies":[{"embeddable":true,"href":"https:\/\/iplanmovilidad.com\/index.php?rest_route=%2Fwp%2Fv2%2Fcomments&post=2688"}],"version-history":[{"count":14,"href":"https:\/\/iplanmovilidad.com\/index.php?rest_route=\/wp\/v2\/pages\/2688\/revisions"}],"predecessor-version":[{"id":3042,"href":"https:\/\/iplanmovilidad.com\/index.php?rest_route=\/wp\/v2\/pages\/2688\/revisions\/3042"}],"wp:attachment":[{"href":"https:\/\/iplanmovilidad.com\/index.php?rest_route=%2Fwp%2Fv2%2Fmedia&parent=2688"}],"curies":[{"name":"wp","href":"https:\/\/api.w.org\/{rel}","templated":true}]}}