{"id":2509,"date":"2026-04-09T11:47:12","date_gmt":"2026-04-09T11:47:12","guid":{"rendered":"https:\/\/temporal.iplanmovilidad.com\/?page_id=2509"},"modified":"2026-04-17T13:03:19","modified_gmt":"2026-04-17T13:03:19","slug":"2509-2","status":"publish","type":"page","link":"https:\/\/iplanmovilidad.com\/?page_id=2509","title":{"rendered":"Ferrocarril"},"content":{"rendered":"\n<div class=\"wp-block-columns alignfull is-layout-flex wp-container-core-columns-is-layout-28f84493 wp-block-columns-is-layout-flex\">\n<div class=\"wp-block-column is-layout-flow wp-block-column-is-layout-flow\" style=\"padding-right:var(--wp--preset--spacing--30);padding-left:var(--wp--preset--spacing--60);flex-basis:33%\">\n<div class=\"wp-block-uagb-container uagb-block-c12ce4f2 alignfull uagb-is-root-container\"><div class=\"uagb-container-inner-blocks-wrap\">\n<div style=\"height:8px\" aria-hidden=\"true\" class=\"wp-block-spacer\"><\/div>\n\n\n\n<p class=\"gutenakitid-7d1c86fa-0cfc-4902-b1ea-f371d3105847 \" > Servicios<\/p>\n\n\n\n<div class=\"wp-block-uagb-separator uagb-block-6abded16\"><div class=\"wp-block-uagb-separator__inner\" style=\"--my-background-image:\"><\/div><\/div>\n\n\n\n<div style=\"height:115px\" aria-hidden=\"true\" class=\"wp-block-spacer\"><\/div>\n<\/div><\/div>\n\n\n\n<div class=\"wp-block-uagb-container uagb-block-68f2c8e0 alignfull uagb-is-root-container\"><div class=\"uagb-container-inner-blocks-wrap\">\n<div class=\"wp-block-uagb-separator uagb-block-2ce7ff48\"><div class=\"wp-block-uagb-separator__inner\" style=\"--my-background-image:\"><\/div><\/div>\n\n\n\n<div class=\"wp-block-uagb-buttons uagb-buttons__outer-wrap uagb-btn__small-btn uagb-btn-tablet__default-btn uagb-btn-mobile__default-btn uagb-block-c799cdd6\"><div class=\"uagb-buttons__wrap uagb-buttons-layout-wrap \">\n<div class=\"wp-block-uagb-buttons-child uagb-buttons__outer-wrap uagb-block-3ff84d6d wp-block-button\"><div class=\"uagb-button__wrapper\"><a class=\"uagb-buttons-repeater wp-block-button__link\" aria-label=\"\" href=\"https:\/\/iplanmovilidad.com\/?page_id=2509\" rel=\"follow noopener\" target=\"_self\" role=\"button\"><div class=\"uagb-button__link\">FERROCARRIL<\/div><\/a><\/div><\/div>\n<\/div><\/div>\n\n\n\n<div class=\"wp-block-uagb-separator uagb-block-18fc3e20\"><div class=\"uagb-separator-spacing-wrapper\"><div class=\"wp-block-uagb-separator__inner\" style=\"--my-background-image:\"><\/div><\/div><\/div>\n\n\n\n<div class=\"wp-block-uagb-buttons uagb-buttons__outer-wrap uagb-btn__small-btn uagb-btn-tablet__default-btn uagb-btn-mobile__default-btn uagb-block-bf224e65\"><div class=\"uagb-buttons__wrap uagb-buttons-layout-wrap \">\n<div class=\"wp-block-uagb-buttons-child uagb-buttons__outer-wrap uagb-block-ed91e44a wp-block-button\"><div class=\"uagb-button__wrapper\"><a class=\"uagb-buttons-repeater wp-block-button__link\" aria-label=\"\" href=\"https:\/\/iplanmovilidad.com\/?page_id=2670\" rel=\"follow noopener\" target=\"_self\" role=\"button\"><div class=\"uagb-button__link\">JUR\u00cdDICO<\/div><\/a><\/div><\/div>\n<\/div><\/div>\n\n\n\n<div class=\"wp-block-uagb-separator uagb-block-2bbbd3fe\"><div class=\"uagb-separator-spacing-wrapper\"><div class=\"wp-block-uagb-separator__inner\" style=\"--my-background-image:\"><\/div><\/div><\/div>\n\n\n\n<div class=\"wp-block-uagb-buttons uagb-buttons__outer-wrap uagb-btn__small-btn uagb-btn-tablet__default-btn uagb-btn-mobile__default-btn uagb-block-fde2019c\"><div class=\"uagb-buttons__wrap uagb-buttons-layout-wrap \">\n<div class=\"wp-block-uagb-buttons-child uagb-buttons__outer-wrap uagb-block-e9c6430e wp-block-button\"><div class=\"uagb-button__wrapper\"><a class=\"uagb-buttons-repeater wp-block-button__link\" aria-label=\"\" href=\"https:\/\/iplanmovilidad.com\/?page_id=2680\" rel=\"follow noopener\" target=\"_self\" role=\"button\"><div class=\"uagb-button__link\">LOG\u00cdSTICA<\/div><\/a><\/div><\/div>\n<\/div><\/div>\n\n\n\n<div class=\"wp-block-uagb-separator uagb-block-ba20d09d\"><div class=\"uagb-separator-spacing-wrapper\"><div class=\"wp-block-uagb-separator__inner\" style=\"--my-background-image:\"><\/div><\/div><\/div>\n\n\n\n<div class=\"wp-block-uagb-buttons uagb-buttons__outer-wrap uagb-btn__small-btn uagb-btn-tablet__default-btn uagb-btn-mobile__default-btn uagb-block-bdc0d58f\"><div class=\"uagb-buttons__wrap uagb-buttons-layout-wrap \">\n<div class=\"wp-block-uagb-buttons-child uagb-buttons__outer-wrap uagb-block-b7ffcd8a wp-block-button\"><div class=\"uagb-button__wrapper\"><a class=\"uagb-buttons-repeater wp-block-button__link\" aria-label=\"\" href=\"https:\/\/iplanmovilidad.com\/?page_id=2688\" rel=\"follow noopener\" target=\"_self\" role=\"button\"><div class=\"uagb-button__link\">MOVILIDAD<\/div><\/a><\/div><\/div>\n<\/div><\/div>\n\n\n\n<div class=\"wp-block-uagb-separator uagb-block-8551f6cd\"><div class=\"uagb-separator-spacing-wrapper\"><div class=\"wp-block-uagb-separator__inner\" style=\"--my-background-image:\"><\/div><\/div><\/div>\n\n\n\n<div class=\"wp-block-uagb-buttons uagb-buttons__outer-wrap uagb-btn__small-btn uagb-btn-tablet__default-btn uagb-btn-mobile__default-btn uagb-block-973c9891\"><div class=\"uagb-buttons__wrap uagb-buttons-layout-wrap \">\n<div class=\"wp-block-uagb-buttons-child uagb-buttons__outer-wrap uagb-block-e60695fd wp-block-button\"><div class=\"uagb-button__wrapper\"><a class=\"uagb-buttons-repeater wp-block-button__link\" aria-label=\"\" href=\"https:\/\/iplanmovilidad.com\/?page_id=2698\" rel=\"follow noopener\" target=\"_self\" role=\"button\"><div class=\"uagb-button__link\">SOLUCIONES TECNOL\u00d3GICAS<\/div><\/a><\/div><\/div>\n<\/div><\/div>\n\n\n\n<div class=\"wp-block-uagb-separator uagb-block-7f1d5c3d\"><div class=\"uagb-separator-spacing-wrapper\"><div class=\"wp-block-uagb-separator__inner\" style=\"--my-background-image:\"><\/div><\/div><\/div>\n\n\n\n<div class=\"wp-block-uagb-buttons uagb-buttons__outer-wrap uagb-btn__small-btn uagb-btn-tablet__default-btn uagb-btn-mobile__default-btn uagb-block-0a76e5ac\"><div class=\"uagb-buttons__wrap uagb-buttons-layout-wrap \">\n<div class=\"wp-block-uagb-buttons-child uagb-buttons__outer-wrap uagb-block-d80b3e5d wp-block-button\"><div class=\"uagb-button__wrapper\"><a class=\"uagb-buttons-repeater wp-block-button__link\" aria-label=\"\" href=\"https:\/\/iplanmovilidad.com\/?page_id=2708\" rel=\"follow noopener\" target=\"_self\" role=\"button\"><div class=\"uagb-button__link\">TR\u00c1FICO<\/div><\/a><\/div><\/div>\n<\/div><\/div>\n\n\n\n<div class=\"wp-block-uagb-separator uagb-block-fe03be29\"><div class=\"uagb-separator-spacing-wrapper\"><div class=\"wp-block-uagb-separator__inner\" style=\"--my-background-image:\"><\/div><\/div><\/div>\n\n\n\n<div class=\"wp-block-uagb-buttons uagb-buttons__outer-wrap uagb-btn__small-btn uagb-btn-tablet__default-btn uagb-btn-mobile__default-btn uagb-block-9b881b53\"><div class=\"uagb-buttons__wrap uagb-buttons-layout-wrap \">\n<div class=\"wp-block-uagb-buttons-child uagb-buttons__outer-wrap uagb-block-5920cdaa wp-block-button\"><div class=\"uagb-button__wrapper\"><a class=\"uagb-buttons-repeater wp-block-button__link\" aria-label=\"\" href=\"https:\/\/iplanmovilidad.com\/?page_id=2718\" rel=\"follow noopener\" target=\"_self\" role=\"button\"><div class=\"uagb-button__link\">TRANSPORTE P\u00daBLICO<\/div><\/a><\/div><\/div>\n<\/div><\/div>\n<\/div><\/div>\n<\/div>\n\n\n\n<div class=\"wp-block-column is-layout-flow wp-block-column-is-layout-flow\" style=\"padding-right:var(--wp--preset--spacing--80);padding-left:var(--wp--preset--spacing--80)\">\n<div style=\"height:12px\" aria-hidden=\"true\" class=\"wp-block-spacer\"><\/div>\n\n\n\n<div class=\"wp-block-uagb-container uagb-block-9a0f5548 alignfull uagb-is-root-container\"><div class=\"uagb-container-inner-blocks-wrap\">\n<p class=\"gutenakitid-e661235f-d3c4-4081-aeb6-777c08db47e6  has-text-align-left has-small-font-size\" style=\"margin-top:0;margin-bottom:0\">FERROCARRIL<\/p>\n\n\n\n<div style=\"height:10px\" aria-hidden=\"true\" class=\"wp-block-spacer\"><\/div>\n\n\n\n<p class=\"gutenakitid-64aa03de-d474-4b82-906f-4f81b115de95  has-small-font-size\" style=\"margin-top:0;margin-bottom:0\">Acompa\u00f1amos a administraciones p\u00fablicas y entidades privadas en la planificaci\u00f3n de proyectos ferroviarios. Aportamos el an\u00e1lisis t\u00e9cnico en el que se apoya la toma de decisiones, calculando la demanda, la viabilidad econ\u00f3mica y el dise\u00f1o y explotaci\u00f3n del servicio en coherencia con la realidad territorial.<\/p>\n\n\n\n<div style=\"height:6px\" aria-hidden=\"true\" class=\"wp-block-spacer\"><\/div>\n<\/div><\/div>\n\n\n\n<figure class=\"wp-block-image alignfull size-full\"><img fetchpriority=\"high\" decoding=\"async\" width=\"2560\" height=\"794\" src=\"https:\/\/iplanmovilidad.com\/wp-content\/uploads\/2026\/04\/tren4-scaled.jpg\" alt=\"\" class=\"wp-image-2968\" srcset=\"https:\/\/iplanmovilidad.com\/wp-content\/uploads\/2026\/04\/tren4-scaled.jpg 2560w, https:\/\/iplanmovilidad.com\/wp-content\/uploads\/2026\/04\/tren4-300x93.jpg 300w, https:\/\/iplanmovilidad.com\/wp-content\/uploads\/2026\/04\/tren4-1024x317.jpg 1024w, https:\/\/iplanmovilidad.com\/wp-content\/uploads\/2026\/04\/tren4-768x238.jpg 768w, https:\/\/iplanmovilidad.com\/wp-content\/uploads\/2026\/04\/tren4-1536x476.jpg 1536w, https:\/\/iplanmovilidad.com\/wp-content\/uploads\/2026\/04\/tren4-2048x635.jpg 2048w\" sizes=\"(max-width: 2560px) 100vw, 2560px\" \/><\/figure>\n\n\n\n<div style=\"height:10px\" aria-hidden=\"true\" class=\"wp-block-spacer\"><\/div>\n\n\n\n<div class=\"wp-block-uagb-container uagb-block-5d5593db alignfull uagb-is-root-container\"><div class=\"uagb-container-inner-blocks-wrap\">\n<p class=\"gutenakitid-d5b07e22-8fce-447d-a0db-e6207964fccd  has-small-font-size\" style=\"margin-top:0;margin-bottom:0\">Contamos con un equipo especializado en abordar los retos que plantea la planificaci\u00f3n de proyectos ferroviarios. Esta experiencia y capacidad t\u00e9cnica permiten afrontar actuaciones complejas con solvencia y rigor.<\/p>\n\n\n\n<div style=\"height:10px\" aria-hidden=\"true\" class=\"wp-block-spacer\"><\/div>\n<\/div><\/div>\n\n\n\n<div class=\"wp-block-gutena-accordion gutena-accordion-block gutena-accordion-block-2aa534-02 is-layout-flow wp-block-accordion-is-layout-flow\" data-single=\"true\">\n<div class=\"wp-block-gutena-accordion-panel gutena-accordion-block__panel\">\n<div class=\"wp-block-gutena-accordion-panel-title gutena-accordion-block__panel-title\" style=\"border-top-color:var(--wp--preset--color--ast-global-color-7);border-top-width:1px\"><div class=\"gutena-accordion-block__panel-title-inner\">\n<h6 class=\"gutenakitid-b97383f2-eea3-4607-a9a7-329b4e9ce27e  wp-block-heading has-text-align-left\" style=\"margin-top:0px;margin-right:0px;margin-bottom:0px;margin-left:0px\">Planificaci\u00f3n de redes y servicios<\/h6>\n<div class=\"trigger-up-down\"><div class=\"horizontal\"><\/div><div class=\"vertical\"><\/div><\/div><\/div><\/div>\n\n\n\n<div class=\"wp-block-gutena-accordion-panel-content gutena-accordion-block__panel-content\"><div class=\"gutena-accordion-block__panel-content-inner\">\n<div style=\"height:20px\" aria-hidden=\"true\" class=\"wp-block-spacer\"><\/div>\n\n\n\n<p class=\"gutenakitid-9a85d33b-289e-4ea2-87f4-42e56f46bd55  has-small-font-size\" style=\"margin-top:0;margin-bottom:0\">Dise\u00f1amos alternativas para la reorganizaci\u00f3n de redes y servicios ferroviarios respondiendo de forma eficiente a las necesidades de movilidad de la poblaci\u00f3n, considerando la conectividad del territorio y la integraci\u00f3n con otros modos.<\/p>\n\n\n\n<div style=\"height:15px\" aria-hidden=\"true\" class=\"wp-block-spacer\"><\/div>\n\n\n\n<p class=\"gutenakitid-ecd90e73-6d06-42c4-a991-318c6bf48bf6  has-small-font-size\" style=\"margin-top:0;margin-bottom:0\">Nuestro enfoque combina el an\u00e1lisis t\u00e9cnico y la visi\u00f3n estrat\u00e9gica de cada proyecto.<\/p>\n\n\n\n<div style=\"height:20px\" aria-hidden=\"true\" class=\"wp-block-spacer\"><\/div>\n<\/div><\/div>\n<\/div>\n\n\n\n<div class=\"wp-block-gutena-accordion-panel gutena-accordion-block__panel\">\n<div class=\"wp-block-gutena-accordion-panel-title gutena-accordion-block__panel-title\" style=\"border-top-color:var(--wp--preset--color--ast-global-color-7);border-top-width:1px\"><div class=\"gutena-accordion-block__panel-title-inner\">\n<h6 class=\"gutenakitid-89925e65-cb29-4994-808c-c13db3147e59  wp-block-heading has-text-align-left\" style=\"margin-top:0px;margin-right:0px;margin-bottom:0px;margin-left:0px\">Modelizaci\u00f3n y an\u00e1lisis de demanda<\/h6>\n<div class=\"trigger-up-down\"><div class=\"horizontal\"><\/div><div class=\"vertical\"><\/div><\/div><\/div><\/div>\n\n\n\n<div class=\"wp-block-gutena-accordion-panel-content gutena-accordion-block__panel-content\"><div class=\"gutena-accordion-block__panel-content-inner\">\n<div style=\"height:20px\" aria-hidden=\"true\" class=\"wp-block-spacer\"><\/div>\n\n\n\n<p class=\"gutenakitid-9a85d33b-289e-4ea2-87f4-42e56f46bd55 has-small-font-size has-small-font-size\" style=\"margin-top:0;margin-bottom:0\">Calculamos la demanda del proyecto a acometer mediante softwares avanzados de modelizaci\u00f3n, tanto de viajeros como de mercanc\u00edas. Esto permite conocer, analizar y prever patrones de movilidad actuales y futuros.<\/p>\n\n\n\n<div style=\"height:15px\" aria-hidden=\"true\" class=\"wp-block-spacer\"><\/div>\n\n\n\n<p class=\"gutenakitid-9a85d33b-289e-4ea2-87f4-42e56f46bd55 has-small-font-size has-small-font-size\" style=\"margin-top:0;margin-bottom:0\">Desarrollamos escenarios que apoyan la toma de decisiones, evaluando el impacto de nuevas infraestructuras, o la modificaci\u00f3n y adaptaci\u00f3n de las ya existentes.<\/p>\n\n\n\n<div style=\"height:20px\" aria-hidden=\"true\" class=\"wp-block-spacer\"><\/div>\n<\/div><\/div>\n<\/div>\n\n\n\n<div class=\"wp-block-gutena-accordion-panel gutena-accordion-block__panel\">\n<div class=\"wp-block-gutena-accordion-panel-title gutena-accordion-block__panel-title\" style=\"border-top-color:var(--wp--preset--color--ast-global-color-7);border-top-width:1px\"><div class=\"gutena-accordion-block__panel-title-inner\">\n<h6 class=\"gutenakitid-b97383f2-eea3-4607-a9a7-329b4e9ce27e  wp-block-heading has-text-align-left\" style=\"margin-top:0px;margin-right:0px;margin-bottom:0px;margin-left:0px\">Estudios funcionales de operaci\u00f3n ferroviaria<\/h6>\n<div class=\"trigger-up-down\"><div class=\"horizontal\"><\/div><div class=\"vertical\"><\/div><\/div><\/div><\/div>\n\n\n\n<div class=\"wp-block-gutena-accordion-panel-content gutena-accordion-block__panel-content\"><div class=\"gutena-accordion-block__panel-content-inner\">\n<div style=\"height:20px\" aria-hidden=\"true\" class=\"wp-block-spacer\"><\/div>\n\n\n\n<p class=\"gutenakitid-9a85d33b-289e-4ea2-87f4-42e56f46bd55 has-small-font-size has-small-font-size\" style=\"margin-top:0;margin-bottom:0\">Analizamos y dise\u00f1amos el modelo de explotaci\u00f3n del sistema ferroviario en sinton\u00eda con la infraestructura disponible y\/o proyectada.<\/p>\n\n\n\n<div style=\"height:15px\" aria-hidden=\"true\" class=\"wp-block-spacer\"><\/div>\n\n\n\n<p class=\"gutenakitid-9a85d33b-289e-4ea2-87f4-42e56f46bd55 has-small-font-size has-small-font-size\" style=\"margin-top:0;margin-bottom:0\">Dise\u00f1amos esquemas de operaci\u00f3n definiendo servicios, frecuencias, capacidades y necesidades de material rodante e infraestructura.<\/p>\n\n\n\n<div style=\"height:15px\" aria-hidden=\"true\" class=\"wp-block-spacer\"><\/div>\n\n\n\n<p class=\"gutenakitid-9a85d33b-289e-4ea2-87f4-42e56f46bd55 has-small-font-size has-small-font-size\" style=\"margin-top:0;margin-bottom:0\">Evaluamos la viabilidad operativa de las soluciones propuestas, garantizando su coherencia con la demanda, la infraestructura y los objetivos de cada proyecto.<\/p>\n\n\n\n<div style=\"height:20px\" aria-hidden=\"true\" class=\"wp-block-spacer\"><\/div>\n<\/div><\/div>\n<\/div>\n\n\n\n<div class=\"wp-block-gutena-accordion-panel gutena-accordion-block__panel\">\n<div class=\"wp-block-gutena-accordion-panel-title gutena-accordion-block__panel-title\" style=\"border-top-color:var(--wp--preset--color--ast-global-color-7);border-top-width:1px\"><div class=\"gutena-accordion-block__panel-title-inner\">\n<h6 class=\"gutenakitid-b97383f2-eea3-4607-a9a7-329b4e9ce27e  wp-block-heading has-text-align-left\" style=\"margin-top:0px;margin-right:0px;margin-bottom:0px;margin-left:0px\">Estudios de viabilidad del proyecto y rentabilidad econ\u00f3mica<\/h6>\n<div class=\"trigger-up-down\"><div class=\"horizontal\"><\/div><div class=\"vertical\"><\/div><\/div><\/div><\/div>\n\n\n\n<div class=\"wp-block-gutena-accordion-panel-content gutena-accordion-block__panel-content\"><div class=\"gutena-accordion-block__panel-content-inner\">\n<div style=\"height:20px\" aria-hidden=\"true\" class=\"wp-block-spacer\"><\/div>\n\n\n\n<p class=\"gutenakitid-9a85d33b-289e-4ea2-87f4-42e56f46bd55 has-small-font-size has-small-font-size\" style=\"margin-top:0;margin-bottom:0\">Calculamos y evaluamos la viabilidad econ\u00f3mica de proyectos ferroviarios analizando costes, demanda prevista y sostenibilidad financiera.<\/p>\n\n\n\n<div style=\"height:15px\" aria-hidden=\"true\" class=\"wp-block-spacer\"><\/div>\n\n\n\n<p class=\"gutenakitid-9a85d33b-289e-4ea2-87f4-42e56f46bd55 has-small-font-size has-small-font-size\" style=\"margin-top:0;margin-bottom:0\">Asimismo, estamos en continua actualizaci\u00f3n de los aspectos normativos, cuyo impacto es directo en la explotaci\u00f3n y el c\u00e1lculo de viabilidad de los proyectos ferroviarios.<\/p>\n\n\n\n<div style=\"height:20px\" aria-hidden=\"true\" class=\"wp-block-spacer\"><\/div>\n<\/div><\/div>\n<\/div>\n<\/div>\n\n\n\n<div style=\"height:10px\" aria-hidden=\"true\" class=\"wp-block-spacer\"><\/div>\n\n\n\n<div style=\"height:35px\" aria-hidden=\"true\" class=\"wp-block-spacer\"><\/div>\n<\/div>\n<\/div>\n\n\n\n<div style=\"height:50px\" aria-hidden=\"true\" class=\"wp-block-spacer\"><\/div>\n\n\n\n<p><\/p>\n","protected":false},"excerpt":{"rendered":"<p>Servicios FERROCARRIL Acompa\u00f1amos a administraciones p\u00fablicas y entidades privadas en la planificaci\u00f3n de proyectos ferroviarios. Aportamos el an\u00e1lisis t\u00e9cnico en [&hellip;]<\/p>\n","protected":false},"author":1,"featured_media":0,"parent":0,"menu_order":0,"comment_status":"closed","ping_status":"closed","template":"","meta":{"_uag_custom_page_level_css":"","site-sidebar-layout":"default","site-content-layout":"","ast-site-content-layout":"default","site-content-style":"default","site-sidebar-style":"default","ast-global-header-display":"","ast-banner-title-visibility":"","ast-main-header-display":"","ast-hfb-above-header-display":"","ast-hfb-below-header-display":"","ast-hfb-mobile-header-display":"","site-post-title":"disabled","ast-breadcrumbs-content":"","ast-featured-img":"","footer-sml-layout":"","ast-disable-related-posts":"","theme-transparent-header-meta":"","adv-header-id-meta":"","stick-header-meta":"","header-above-stick-meta":"","header-main-stick-meta":"","header-below-stick-meta":"","astra-migrate-meta-layouts":"default","ast-page-background-enabled":"default","ast-page-background-meta":{"desktop":{"background-color":"var(--ast-global-color-5)","background-image":"","background-repeat":"repeat","background-position":"center center","background-size":"auto","background-attachment":"scroll","background-type":"","background-media":"","overlay-type":"","overlay-color":"","overlay-opacity":"","overlay-gradient":""},"tablet":{"background-color":"","background-image":"","background-repeat":"repeat","background-position":"center center","background-size":"auto","background-attachment":"scroll","background-type":"","background-media":"","overlay-type":"","overlay-color":"","overlay-opacity":"","overlay-gradient":""},"mobile":{"background-color":"","background-image":"","background-repeat":"repeat","background-position":"center center","background-size":"auto","background-attachment":"scroll","background-type":"","background-media":"","overlay-type":"","overlay-color":"","overlay-opacity":"","overlay-gradient":""}},"ast-content-background-meta":{"desktop":{"background-color":"var(--ast-global-color-4)","background-image":"","background-repeat":"repeat","background-position":"center center","background-size":"auto","background-attachment":"scroll","background-type":"","background-media":"","overlay-type":"","overlay-color":"","overlay-opacity":"","overlay-gradient":""},"tablet":{"background-color":"var(--ast-global-color-4)","background-image":"","background-repeat":"repeat","background-position":"center center","background-size":"auto","background-attachment":"scroll","background-type":"","background-media":"","overlay-type":"","overlay-color":"","overlay-opacity":"","overlay-gradient":""},"mobile":{"background-color":"var(--ast-global-color-4)","background-image":"","background-repeat":"repeat","background-position":"center center","background-size":"auto","background-attachment":"scroll","background-type":"","background-media":"","overlay-type":"","overlay-color":"","overlay-opacity":"","overlay-gradient":""}},"footnotes":""},"class_list":["post-2509","page","type-page","status-publish","hentry"],"aioseo_notices":[],"uagb_featured_image_src":{"full":false,"thumbnail":false,"medium":false,"medium_large":false,"large":false,"1536x1536":false,"2048x2048":false},"uagb_author_info":{"display_name":"admin","author_link":"https:\/\/iplanmovilidad.com\/?author=1"},"uagb_comment_info":0,"uagb_excerpt":"Servicios FERROCARRIL Acompa\u00f1amos a administraciones p\u00fablicas y entidades privadas en la planificaci\u00f3n de proyectos ferroviarios. Aportamos el an\u00e1lisis t\u00e9cnico en [&hellip;]","_links":{"self":[{"href":"https:\/\/iplanmovilidad.com\/index.php?rest_route=\/wp\/v2\/pages\/2509","targetHints":{"allow":["GET"]}}],"collection":[{"href":"https:\/\/iplanmovilidad.com\/index.php?rest_route=\/wp\/v2\/pages"}],"about":[{"href":"https:\/\/iplanmovilidad.com\/index.php?rest_route=\/wp\/v2\/types\/page"}],"author":[{"embeddable":true,"href":"https:\/\/iplanmovilidad.com\/index.php?rest_route=\/wp\/v2\/users\/1"}],"replies":[{"embeddable":true,"href":"https:\/\/iplanmovilidad.com\/index.php?rest_route=%2Fwp%2Fv2%2Fcomments&post=2509"}],"version-history":[{"count":59,"href":"https:\/\/iplanmovilidad.com\/index.php?rest_route=\/wp\/v2\/pages\/2509\/revisions"}],"predecessor-version":[{"id":3046,"href":"https:\/\/iplanmovilidad.com\/index.php?rest_route=\/wp\/v2\/pages\/2509\/revisions\/3046"}],"wp:attachment":[{"href":"https:\/\/iplanmovilidad.com\/index.php?rest_route=%2Fwp%2Fv2%2Fmedia&parent=2509"}],"curies":[{"name":"wp","href":"https:\/\/api.w.org\/{rel}","templated":true}]}}