{"id":2448,"date":"2026-04-08T11:24:24","date_gmt":"2026-04-08T11:24:24","guid":{"rendered":"https:\/\/temporal.iplanmovilidad.com\/?page_id=2448"},"modified":"2026-04-13T12:56:38","modified_gmt":"2026-04-13T12:56:38","slug":"politicaprivacidad2","status":"publish","type":"page","link":"https:\/\/iplanmovilidad.com\/?page_id=2448","title":{"rendered":"Politica de Privacidad"},"content":{"rendered":"\n<div class=\"wp-block-columns alignfull is-layout-flex wp-container-core-columns-is-layout-28f84493 wp-block-columns-is-layout-flex\">\n<div class=\"wp-block-column is-layout-flow wp-block-column-is-layout-flow\" style=\"padding-right:var(--wp--preset--spacing--30);padding-left:var(--wp--preset--spacing--60);flex-basis:33%\">\n<div class=\"wp-block-uagb-container uagb-block-c12ce4f2 alignfull uagb-is-root-container\"><div class=\"uagb-container-inner-blocks-wrap\">\n<div style=\"height:8px\" aria-hidden=\"true\" class=\"wp-block-spacer\"><\/div>\n\n\n\n<p class=\"gutenakitid-7d1c86fa-0cfc-4902-b1ea-f371d3105847 \" > Pol\u00edtica de Privacidad<\/p>\n\n\n\n<div class=\"wp-block-uagb-separator uagb-block-6abded16\"><div class=\"wp-block-uagb-separator__inner\" style=\"--my-background-image:\"><\/div><\/div>\n<\/div><\/div>\n<\/div>\n\n\n\n<div class=\"wp-block-column is-layout-flow wp-block-column-is-layout-flow\" style=\"padding-right:0rem;padding-left:var(--wp--preset--spacing--80)\">\n<div class=\"wp-block-columns is-layout-flex wp-container-core-columns-is-layout-28f84493 wp-block-columns-is-layout-flex\">\n<div class=\"wp-block-column is-layout-flow wp-block-column-is-layout-flow\">\n<div style=\"height:100px\" aria-hidden=\"true\" class=\"wp-block-spacer\"><\/div>\n<\/div>\n<\/div>\n\n\n\n<div class=\"wp-block-columns is-layout-flex wp-container-core-columns-is-layout-28f84493 wp-block-columns-is-layout-flex\">\n<div class=\"wp-block-column is-layout-flow wp-block-column-is-layout-flow\" style=\"padding-left:0\">\n<div class=\"wp-block-columns is-layout-flex wp-container-core-columns-is-layout-e79a657b wp-block-columns-is-layout-flex\" style=\"padding-top:0\">\n<div class=\"wp-block-column is-layout-flow wp-container-core-column-is-layout-50dc863e wp-block-column-is-layout-flow\" style=\"padding-top:0;padding-right:7rem\">\n<p class=\"gutenakitid-14cddfcf-5575-4669-9076-ab2fb7b06113  has-small-font-size\">En cumplimiento del art. 13 del Reglamento (UE) 2016\/679 del Parlamento Europeo y del Consejo de 27 de abril de 2016, relativo a la protecci\u00f3n de las personas f\u00edsicas en lo que respecta al tratamiento de datos personales y a la libre circulaci\u00f3n de estos datos, se informa a los usuarios de esta web de los usos a los que se someten los datos de car\u00e1cter personal que se recaban, con el fin de que decidan, libre y voluntariamente, si desean facilitar la informaci\u00f3n solicitada.<\/p>\n\n\n\n<div style=\"height:40px\" aria-hidden=\"true\" class=\"wp-block-spacer\"><\/div>\n\n\n\n<p class=\"gutenakitid-14cddfcf-5575-4669-9076-ab2fb7b06113  has-small-font-size\">IPLAN MOVILIDAD, S.L. se reserva la facultad de modificar esta Pol\u00edtica con el objeto de adaptarla a novedades legislativas, criterios jurisprudenciales, pr\u00e1cticas del sector, o intereses de la entidad. Cualquier modificaci\u00f3n en la misma ser\u00e1 anunciada con la debida antelaci\u00f3n, a fin de que se pueda tener conocimiento de su contenido.<\/p>\n<\/div>\n<\/div>\n<\/div>\n<\/div>\n\n\n\n<div style=\"height:20px\" aria-hidden=\"true\" class=\"wp-block-spacer\"><\/div>\n\n\n\n<div class=\"wp-block-columns is-layout-flex wp-container-core-columns-is-layout-28f84493 wp-block-columns-is-layout-flex\">\n<div class=\"wp-block-column is-layout-flow wp-block-column-is-layout-flow\">\n<div class=\"wp-block-uagb-separator uagb-block-e55202d1\"><div class=\"wp-block-uagb-separator__inner\" style=\"--my-background-image:\"><\/div><\/div>\n<\/div>\n<\/div>\n\n\n\n<div class=\"wp-block-columns is-layout-flex wp-container-core-columns-is-layout-8d88fe0f wp-block-columns-is-layout-flex\" style=\"padding-top:var(--wp--preset--spacing--20);padding-bottom:var(--wp--preset--spacing--20)\">\n<div class=\"wp-block-column is-layout-flow wp-block-column-is-layout-flow\" style=\"flex-basis:200px\">\n<p class=\"gutenakitid-708bfc7e-43f7-42cc-b983-5ffe22405604  has-text-align-left has-black-color has-text-color has-link-color has-small-font-size wp-elements-0c4460a91dac80cc12baa45b50359d18\">RESPONSABLE DEL TRATAMIENTO<\/p>\n<\/div>\n\n\n\n<div class=\"wp-block-column is-layout-flow wp-block-column-is-layout-flow\">\n<div class=\"wp-block-columns is-layout-flex wp-container-core-columns-is-layout-e79a657b wp-block-columns-is-layout-flex\" style=\"padding-top:0\">\n<div class=\"wp-block-column is-layout-flow wp-container-core-column-is-layout-cb0ba294 wp-block-column-is-layout-flow\" style=\"padding-top:0;padding-right:7rem;padding-left:var(--wp--preset--spacing--80)\">\n<p class=\"gutenakitid-14cddfcf-5575-4669-9076-ab2fb7b06113  has-small-font-size\">IPLAN MOVILIDAD, S.L.<\/p>\n\n\n\n<p class=\"gutenakitid-14cddfcf-5575-4669-9076-ab2fb7b06113  has-small-font-size\">CIF:&nbsp;B27789767<\/p>\n\n\n\n<p class=\"gutenakitid-14cddfcf-5575-4669-9076-ab2fb7b06113  has-small-font-size\">Domicilio social: Plaza de Europa 10-A, 6\u00b0, 15707, Santiago de Compostela (A Coru\u00f1a), Espa\u00f1a<\/p>\n\n\n\n<p class=\"gutenakitid-14cddfcf-5575-4669-9076-ab2fb7b06113  has-small-font-size\">Tel\u00e9fono: 981112800<\/p>\n\n\n\n<p class=\"gutenakitid-14cddfcf-5575-4669-9076-ab2fb7b06113  has-small-font-size\">Direcci\u00f3n de correo electr\u00f3nico:&nbsp;administracion@iplanmovilidad.com<\/p>\n\n\n\n<div style=\"height:20px\" aria-hidden=\"true\" class=\"wp-block-spacer\"><\/div>\n\n\n\n<div style=\"height:20px\" aria-hidden=\"true\" class=\"wp-block-spacer\"><\/div>\n\n\n\n<div style=\"height:20px\" aria-hidden=\"true\" class=\"wp-block-spacer\"><\/div>\n\n\n\n<div style=\"height:20px\" aria-hidden=\"true\" class=\"wp-block-spacer\"><\/div>\n<\/div>\n<\/div>\n<\/div>\n<\/div>\n\n\n\n<div class=\"wp-block-columns is-layout-flex wp-container-core-columns-is-layout-28f84493 wp-block-columns-is-layout-flex\">\n<div class=\"wp-block-column is-layout-flow wp-block-column-is-layout-flow\">\n<div class=\"wp-block-uagb-separator uagb-block-a76512d8\"><div class=\"wp-block-uagb-separator__inner\" style=\"--my-background-image:\"><\/div><\/div>\n<\/div>\n<\/div>\n\n\n\n<div class=\"wp-block-columns is-layout-flex wp-container-core-columns-is-layout-65e6f041 wp-block-columns-is-layout-flex\" style=\"padding-top:var(--wp--preset--spacing--20)\">\n<div class=\"wp-block-column is-layout-flow wp-block-column-is-layout-flow\" style=\"flex-basis:200px\">\n<p class=\"gutenakitid-708bfc7e-43f7-42cc-b983-5ffe22405604  has-text-align-left has-black-color has-text-color has-link-color has-small-font-size wp-elements-47505ebc6f5a4b0c8efd1825ffd943c3\">FINALIDAD DEL TRATAMIENTO<\/p>\n<\/div>\n\n\n\n<div class=\"wp-block-column is-layout-flow wp-block-column-is-layout-flow\">\n<div class=\"wp-block-columns is-layout-flex wp-container-core-columns-is-layout-e79a657b wp-block-columns-is-layout-flex\" style=\"padding-top:0\">\n<div class=\"wp-block-column is-layout-flow wp-container-core-column-is-layout-cb0ba294 wp-block-column-is-layout-flow\" style=\"padding-top:0;padding-right:7rem;padding-left:var(--wp--preset--spacing--80)\">\n<p class=\"gutenakitid-14cddfcf-5575-4669-9076-ab2fb7b06113  has-small-font-size\">La finalidad de la recogida y tratamiento de los datos personales, a trav\u00e9s de nuestros formularios de contacto o de la recepci\u00f3n de correos electr\u00f3nicos, puestos a disposici\u00f3n de los Usuarios, responde, seg\u00fan el caso concreto, para gestionar y atender a solicitudes de informaci\u00f3n, dudas o sugerencias, o bien, para el env\u00edo de publicaciones o informaci\u00f3n de cualesquiera servicios o actividades, actos o servicios prestados por IPLAN MOVILIDAD en calidad de Responsable de Tratamiento.<\/p>\n\n\n\n<p class=\"gutenakitid-14cddfcf-5575-4669-9076-ab2fb7b06113  has-small-font-size\">No se tomar\u00e1n decisiones automatizadas en base a su perfil.<\/p>\n\n\n\n<div style=\"height:60px\" aria-hidden=\"true\" class=\"wp-block-spacer\"><\/div>\n<\/div>\n<\/div>\n<\/div>\n<\/div>\n\n\n\n<div class=\"wp-block-columns is-layout-flex wp-container-core-columns-is-layout-28f84493 wp-block-columns-is-layout-flex\">\n<div class=\"wp-block-column is-layout-flow wp-block-column-is-layout-flow\">\n<div class=\"wp-block-uagb-separator uagb-block-62511837\"><div class=\"wp-block-uagb-separator__inner\" style=\"--my-background-image:\"><\/div><\/div>\n<\/div>\n<\/div>\n\n\n\n<div class=\"wp-block-columns is-layout-flex wp-container-core-columns-is-layout-65e6f041 wp-block-columns-is-layout-flex\" style=\"padding-top:var(--wp--preset--spacing--20)\">\n<div class=\"wp-block-column is-layout-flow wp-block-column-is-layout-flow\" style=\"flex-basis:200px\">\n<p class=\"gutenakitid-708bfc7e-43f7-42cc-b983-5ffe22405604  has-text-align-left has-black-color has-text-color has-link-color has-small-font-size wp-elements-4b5c7f8121c2c886c5830e5b5a85f6f5\">LEGITIMACI\u00d3N DEL TRATAMIENTO<\/p>\n<\/div>\n\n\n\n<div class=\"wp-block-column is-layout-flow wp-block-column-is-layout-flow\">\n<div class=\"wp-block-columns is-layout-flex wp-container-core-columns-is-layout-e79a657b wp-block-columns-is-layout-flex\" style=\"padding-top:0\">\n<div class=\"wp-block-column is-layout-flow wp-container-core-column-is-layout-cb0ba294 wp-block-column-is-layout-flow\" style=\"padding-top:0;padding-right:7rem;padding-left:var(--wp--preset--spacing--80)\">\n<p class=\"has-small-font-size\">La base legal principal para el tratamiento de sus datos es en base al consentimiento otorgado por la persona interesada para uno o varios fines espec\u00edficos, tal y como recoge el art\u00edculo 6.1. a) del Reglamento General de Protecci\u00f3n de datos personales.<\/p>\n\n\n\n<div style=\"height:100px\" aria-hidden=\"true\" class=\"wp-block-spacer\"><\/div>\n<\/div>\n<\/div>\n<\/div>\n<\/div>\n\n\n\n<div class=\"wp-block-columns is-layout-flex wp-container-core-columns-is-layout-28f84493 wp-block-columns-is-layout-flex\">\n<div class=\"wp-block-column is-layout-flow wp-block-column-is-layout-flow\">\n<div class=\"wp-block-uagb-separator uagb-block-aae185bc\"><div class=\"wp-block-uagb-separator__inner\" style=\"--my-background-image:\"><\/div><\/div>\n<\/div>\n<\/div>\n\n\n\n<div class=\"wp-block-columns is-layout-flex wp-container-core-columns-is-layout-65e6f041 wp-block-columns-is-layout-flex\" style=\"padding-top:var(--wp--preset--spacing--20)\">\n<div class=\"wp-block-column is-layout-flow wp-block-column-is-layout-flow\" style=\"flex-basis:200px\">\n<p class=\"gutenakitid-708bfc7e-43f7-42cc-b983-5ffe22405604  has-text-align-left has-black-color has-text-color has-link-color has-small-font-size wp-elements-d86ebe26f16f01958a41012834fcadb2\">PLAZOS DE CONSERVACI\u00d3N<\/p>\n<\/div>\n\n\n\n<div class=\"wp-block-column is-layout-flow wp-block-column-is-layout-flow\">\n<div class=\"wp-block-columns is-layout-flex wp-container-core-columns-is-layout-e79a657b wp-block-columns-is-layout-flex\" style=\"padding-top:0\">\n<div class=\"wp-block-column is-layout-flow wp-container-core-column-is-layout-cb0ba294 wp-block-column-is-layout-flow\" style=\"padding-top:0;padding-right:7rem;padding-left:var(--wp--preset--spacing--80)\">\n<p class=\"has-small-font-size\">Los datos se conservar\u00e1n solo por el tiempo estrictamente necesario para cumplir con su finalidad y, en todo caso, hasta la revocaci\u00f3n de su consentimiento o hasta el ejercicio de un derecho de supresi\u00f3n por su parte.<\/p>\n\n\n\n<div style=\"height:100px\" aria-hidden=\"true\" class=\"wp-block-spacer\"><\/div>\n<\/div>\n<\/div>\n<\/div>\n<\/div>\n\n\n\n<div class=\"wp-block-columns is-layout-flex wp-container-core-columns-is-layout-28f84493 wp-block-columns-is-layout-flex\">\n<div class=\"wp-block-column is-layout-flow wp-block-column-is-layout-flow\">\n<div class=\"wp-block-uagb-separator uagb-block-f431dfef\"><div class=\"wp-block-uagb-separator__inner\" style=\"--my-background-image:\"><\/div><\/div>\n<\/div>\n<\/div>\n\n\n\n<div class=\"wp-block-columns is-layout-flex wp-container-core-columns-is-layout-65e6f041 wp-block-columns-is-layout-flex\" style=\"padding-top:var(--wp--preset--spacing--20)\">\n<div class=\"wp-block-column is-layout-flow wp-block-column-is-layout-flow\" style=\"flex-basis:200px\">\n<p class=\"gutenakitid-708bfc7e-43f7-42cc-b983-5ffe22405604  has-text-align-left has-black-color has-text-color has-link-color has-small-font-size wp-elements-64ab967d0f4b27c85763d7c649df157b\">DESTINATARIOS DE CESIONES O TRANSFERENCIAS<\/p>\n<\/div>\n\n\n\n<div class=\"wp-block-column is-layout-flow wp-block-column-is-layout-flow\">\n<div class=\"wp-block-columns is-layout-flex wp-container-core-columns-is-layout-e79a657b wp-block-columns-is-layout-flex\" style=\"padding-top:0\">\n<div class=\"wp-block-column is-layout-flow wp-container-core-column-is-layout-cb0ba294 wp-block-column-is-layout-flow\" style=\"padding-top:0;padding-right:7rem;padding-left:var(--wp--preset--spacing--80)\">\n<p class=\"has-small-font-size\">No se tienen previstas comunicaciones de datos a terceros ni transferencias internacionales de datos.<\/p>\n\n\n\n<div style=\"height:100px\" aria-hidden=\"true\" class=\"wp-block-spacer\"><\/div>\n<\/div>\n<\/div>\n<\/div>\n<\/div>\n\n\n\n<div class=\"wp-block-columns is-layout-flex wp-container-core-columns-is-layout-28f84493 wp-block-columns-is-layout-flex\">\n<div class=\"wp-block-column is-layout-flow wp-block-column-is-layout-flow\">\n<div class=\"wp-block-uagb-separator uagb-block-c5cfd203\"><div class=\"wp-block-uagb-separator__inner\" style=\"--my-background-image:\"><\/div><\/div>\n<\/div>\n<\/div>\n\n\n\n<div class=\"wp-block-columns is-layout-flex wp-container-core-columns-is-layout-65e6f041 wp-block-columns-is-layout-flex\" style=\"padding-top:var(--wp--preset--spacing--20)\">\n<div class=\"wp-block-column is-layout-flow wp-block-column-is-layout-flow\" style=\"flex-basis:200px\">\n<p class=\"gutenakitid-708bfc7e-43f7-42cc-b983-5ffe22405604  has-text-align-left has-black-color has-text-color has-link-color has-small-font-size wp-elements-6e260b059f01a78b7ae688e86cfe114f\">DERECHOS DE LAS PERSONAS INTERESADAS<\/p>\n<\/div>\n\n\n\n<div class=\"wp-block-column is-layout-flow wp-block-column-is-layout-flow\">\n<div class=\"wp-block-columns is-layout-flex wp-container-core-columns-is-layout-e79a657b wp-block-columns-is-layout-flex\" style=\"padding-top:0\">\n<div class=\"wp-block-column is-layout-flow wp-container-core-column-is-layout-cb0ba294 wp-block-column-is-layout-flow\" style=\"padding-top:0;padding-right:7rem;padding-left:var(--wp--preset--spacing--80)\">\n<p class=\"has-small-font-size\">Ud. podr\u00e1 ejercitar los derechos de Acceso, Rectificaci\u00f3n, Portabilidad, Limitaci\u00f3n del tratamiento, Supresi\u00f3n o, en su caso, Oposici\u00f3n.<\/p>\n\n\n\n<p class=\"has-small-font-size\">Tambi\u00e9n que puede retirar el consentimiento en cualquier momento, sin que ello afecte a la licitud del tratamiento basado en el consentimiento previo a su retirada.<\/p>\n\n\n\n<div style=\"height:40px\" aria-hidden=\"true\" class=\"wp-block-spacer\"><\/div>\n\n\n\n<p class=\"gutenakitid-72715083-0cc4-4184-b7f9-1da720941271 has-small-font-size has-small-font-size\">Forma de ejercicio de derechos<\/p>\n\n\n\n<p class=\"has-small-font-size\">Para ejercitar los derechos o revocar el consentimiento deber\u00e1 presentar un escrito por cualquiera de los medios puestos a su disposici\u00f3n en esta Pol\u00edtica de Privacidad, especificando cu\u00e1l de estos derechos solicita que sea satisfecho.<\/p>\n\n\n\n<p class=\"has-small-font-size\">Los derechos podr\u00e1n ejercerse directamente o por medio de representante legal o voluntario.<\/p>\n\n\n\n<p class=\"has-small-font-size\">En el caso de menores de catorce (14) a\u00f1os, los titulares de la patria potestad deber\u00e1n ejercitar en nombre y representaci\u00f3n de los menores, los derechos reconocidos en materia de protecci\u00f3n de datos.<\/p>\n\n\n\n<p class=\"has-small-font-size\">En caso de que actuara mediante representante, legal o voluntario, deber\u00e1 aportar documento que acredite la representaci\u00f3n.<\/p>\n\n\n\n<p class=\"has-small-font-size\">En el caso de que tengamos dudas razonables en relaci\u00f3n con la identidad de la persona f\u00edsica que cursa la solicitud, podremos solicitar que nos facilite la informaci\u00f3n adicional necesaria para confirmar que la identidad del solicitante coincide con la identidad del titular de los datos.<\/p>\n\n\n\n<div style=\"height:40px\" aria-hidden=\"true\" class=\"wp-block-spacer\"><\/div>\n\n\n\n<p class=\"gutenakitid-72715083-0cc4-4184-b7f9-1da720941271 has-small-font-size has-small-font-size\">Gratuidad del ejercicio de los derechos<\/p>\n\n\n\n<p class=\"has-small-font-size\">El ejercicio de los derechos ser\u00e1 esencialmente gratuito. S\u00f3lo cuando las solicitudes sean manifiestamente infundadas o excesivas, especialmente debido a su car\u00e1cter repetitivo, podremos cobrar un canon razonable en funci\u00f3n de los costes administrativos afrontados para facilitar la informaci\u00f3n o la comunicaci\u00f3n o realizar la actuaci\u00f3n solicitada, o negarnos a actuar respecto de la solicitud. En estos casos, tendremos la carga de demostrar el car\u00e1cter manifiestamente infundado o excesivo de la solicitud.<\/p>\n\n\n\n<p class=\"has-small-font-size\">Se podr\u00e1 considerar repetitivo el ejercicio del derecho de acceso en m\u00e1s de una ocasi\u00f3n durante el plazo de seis meses, a menos que exista causa leg\u00edtima para ello.<\/p>\n\n\n\n<p class=\"has-small-font-size\">Cuando elija un medio distinto al que se le ofrece que suponga un coste desproporcionado, la solicitud ser\u00e1 considerada excesiva, por lo que, en dicho caso, deber\u00e1 asumir el exceso de costes que su elecci\u00f3n comporte.<\/p>\n\n\n\n<p class=\"has-small-font-size\">Igualmente, cuando facilitemos una copia de los datos personales objeto de tratamiento, en respuesta a un ejercicio de derecho de acceso y solicite otra copia, podremos solicitar un canon razonable basado en los costes administrativos.<\/p>\n\n\n\n<div style=\"height:40px\" aria-hidden=\"true\" class=\"wp-block-spacer\"><\/div>\n\n\n\n<p class=\"gutenakitid-72715083-0cc4-4184-b7f9-1da720941271 has-small-font-size has-small-font-size\">Plazo de contestaci\u00f3n<\/p>\n\n\n\n<p class=\"has-small-font-size\">Nos comprometemos a contestar sin dilaci\u00f3n indebida y, en cualquier caso, en el plazo de un mes a partir de la recepci\u00f3n de la solicitud. Dicho plazo podr\u00e1 prorrogarse otros dos meses en caso necesario, teniendo en cuenta la complejidad y el n\u00famero de solicitudes. En dicho caso, informaremos al interesado de cualquiera de dichas pr\u00f3rrogas en el plazo de un mes a partir de la recepci\u00f3n de la solicitud, indicando los motivos de la dilaci\u00f3n.<\/p>\n\n\n\n<p class=\"has-small-font-size\">Si no damos curso a su solicitud, le informaremos sin dilaci\u00f3n, y a m\u00e1s tardar transcurrido un mes de la recepci\u00f3n de la solicitud, de las razones de la no actuaci\u00f3n y de la posibilidad de presentar una reclamaci\u00f3n ante una autoridad de control y de ejercitar acciones judiciales.<\/p>\n\n\n\n<div style=\"height:40px\" aria-hidden=\"true\" class=\"wp-block-spacer\"><\/div>\n\n\n\n<p class=\"gutenakitid-72715083-0cc4-4184-b7f9-1da720941271 has-small-font-size has-small-font-size\">Reclamaci\u00f3n ante la autoridad de protecci\u00f3n de datos competente<\/p>\n\n\n\n<p class=\"has-small-font-size\">En caso de considerar vulnerado su derecho a la protecci\u00f3n de datos personales ante la autoridad de protecci\u00f3n de datos competente(<a href=\"http:\/\/www.aepd.es\/\" target=\"_blank\" rel=\"noreferrer noopener\">www.aepd.es<\/a>)<\/p>\n\n\n\n<div style=\"height:40px\" aria-hidden=\"true\" class=\"wp-block-spacer\"><\/div>\n\n\n\n<p class=\"gutenakitid-72715083-0cc4-4184-b7f9-1da720941271 has-small-font-size has-small-font-size\">Consultas<\/p>\n\n\n\n<p class=\"has-small-font-size\">Si tiene alguna pregunta sobre esta Pol\u00edtica de Privacidad, puede ponerse en contacto con nosotros enviando un email a&nbsp;<a href=\"mailto:administracion@iplanmovilidad.com\">administracion@iplanmovilidad.com<\/a><\/p>\n\n\n\n<div style=\"height:100px\" aria-hidden=\"true\" class=\"wp-block-spacer\"><\/div>\n<\/div>\n<\/div>\n<\/div>\n<\/div>\n<\/div>\n<\/div>\n\n\n\n<p><\/p>\n","protected":false},"excerpt":{"rendered":"<p>Pol\u00edtica de Privacidad En cumplimiento del art. 13 del Reglamento (UE) 2016\/679 del Parlamento Europeo y del Consejo de 27 [&hellip;]<\/p>\n","protected":false},"author":1,"featured_media":0,"parent":0,"menu_order":0,"comment_status":"closed","ping_status":"closed","template":"","meta":{"_uag_custom_page_level_css":"","site-sidebar-layout":"default","site-content-layout":"","ast-site-content-layout":"default","site-content-style":"default","site-sidebar-style":"default","ast-global-header-display":"","ast-banner-title-visibility":"","ast-main-header-display":"","ast-hfb-above-header-display":"","ast-hfb-below-header-display":"","ast-hfb-mobile-header-display":"","site-post-title":"disabled","ast-breadcrumbs-content":"","ast-featured-img":"","footer-sml-layout":"","ast-disable-related-posts":"","theme-transparent-header-meta":"","adv-header-id-meta":"","stick-header-meta":"","header-above-stick-meta":"","header-main-stick-meta":"","header-below-stick-meta":"","astra-migrate-meta-layouts":"default","ast-page-background-enabled":"default","ast-page-background-meta":{"desktop":{"background-color":"var(--ast-global-color-5)","background-image":"","background-repeat":"repeat","background-position":"center center","background-size":"auto","background-attachment":"scroll","background-type":"","background-media":"","overlay-type":"","overlay-color":"","overlay-opacity":"","overlay-gradient":""},"tablet":{"background-color":"","background-image":"","background-repeat":"repeat","background-position":"center center","background-size":"auto","background-attachment":"scroll","background-type":"","background-media":"","overlay-type":"","overlay-color":"","overlay-opacity":"","overlay-gradient":""},"mobile":{"background-color":"","background-image":"","background-repeat":"repeat","background-position":"center center","background-size":"auto","background-attachment":"scroll","background-type":"","background-media":"","overlay-type":"","overlay-color":"","overlay-opacity":"","overlay-gradient":""}},"ast-content-background-meta":{"desktop":{"background-color":"var(--ast-global-color-4)","background-image":"","background-repeat":"repeat","background-position":"center center","background-size":"auto","background-attachment":"scroll","background-type":"","background-media":"","overlay-type":"","overlay-color":"","overlay-opacity":"","overlay-gradient":""},"tablet":{"background-color":"var(--ast-global-color-4)","background-image":"","background-repeat":"repeat","background-position":"center center","background-size":"auto","background-attachment":"scroll","background-type":"","background-media":"","overlay-type":"","overlay-color":"","overlay-opacity":"","overlay-gradient":""},"mobile":{"background-color":"var(--ast-global-color-4)","background-image":"","background-repeat":"repeat","background-position":"center center","background-size":"auto","background-attachment":"scroll","background-type":"","background-media":"","overlay-type":"","overlay-color":"","overlay-opacity":"","overlay-gradient":""}},"footnotes":""},"class_list":["post-2448","page","type-page","status-publish","hentry"],"aioseo_notices":[],"uagb_featured_image_src":{"full":false,"thumbnail":false,"medium":false,"medium_large":false,"large":false,"1536x1536":false,"2048x2048":false},"uagb_author_info":{"display_name":"admin","author_link":"https:\/\/iplanmovilidad.com\/?author=1"},"uagb_comment_info":0,"uagb_excerpt":"Pol\u00edtica de Privacidad En cumplimiento del art. 13 del Reglamento (UE) 2016\/679 del Parlamento Europeo y del Consejo de 27 [&hellip;]","_links":{"self":[{"href":"https:\/\/iplanmovilidad.com\/index.php?rest_route=\/wp\/v2\/pages\/2448","targetHints":{"allow":["GET"]}}],"collection":[{"href":"https:\/\/iplanmovilidad.com\/index.php?rest_route=\/wp\/v2\/pages"}],"about":[{"href":"https:\/\/iplanmovilidad.com\/index.php?rest_route=\/wp\/v2\/types\/page"}],"author":[{"embeddable":true,"href":"https:\/\/iplanmovilidad.com\/index.php?rest_route=\/wp\/v2\/users\/1"}],"replies":[{"embeddable":true,"href":"https:\/\/iplanmovilidad.com\/index.php?rest_route=%2Fwp%2Fv2%2Fcomments&post=2448"}],"version-history":[{"count":3,"href":"https:\/\/iplanmovilidad.com\/index.php?rest_route=\/wp\/v2\/pages\/2448\/revisions"}],"predecessor-version":[{"id":2769,"href":"https:\/\/iplanmovilidad.com\/index.php?rest_route=\/wp\/v2\/pages\/2448\/revisions\/2769"}],"wp:attachment":[{"href":"https:\/\/iplanmovilidad.com\/index.php?rest_route=%2Fwp%2Fv2%2Fmedia&parent=2448"}],"curies":[{"name":"wp","href":"https:\/\/api.w.org\/{rel}","templated":true}]}}