{"id":2340,"date":"2026-04-08T09:02:39","date_gmt":"2026-04-08T09:02:39","guid":{"rendered":"https:\/\/temporal.iplanmovilidad.com\/?page_id=2340"},"modified":"2026-04-14T10:10:38","modified_gmt":"2026-04-14T10:10:38","slug":"responsabilidadsocial2","status":"publish","type":"page","link":"https:\/\/iplanmovilidad.com\/?page_id=2340","title":{"rendered":"Responsabilidad Social"},"content":{"rendered":"\n<div class=\"wp-block-columns alignfull is-layout-flex wp-container-core-columns-is-layout-28f84493 wp-block-columns-is-layout-flex\">\n<div class=\"wp-block-column is-layout-flow wp-block-column-is-layout-flow\" style=\"padding-right:var(--wp--preset--spacing--30);padding-left:var(--wp--preset--spacing--60);flex-basis:33%\">\n<div class=\"wp-block-uagb-container uagb-block-c12ce4f2 alignfull uagb-is-root-container\"><div class=\"uagb-container-inner-blocks-wrap\">\n<div style=\"height:8px\" aria-hidden=\"true\" class=\"wp-block-spacer\"><\/div>\n\n\n\n<p class=\"gutenakitid-7d1c86fa-0cfc-4902-b1ea-f371d3105847 \" > Responsabilidad Social Corporativa<\/p>\n\n\n\n<div class=\"wp-block-uagb-separator uagb-block-6abded16\"><div class=\"wp-block-uagb-separator__inner\" style=\"--my-background-image:\"><\/div><\/div>\n\n\n\n<p class=\"gutenakitid-67c2c611-3877-4784-acf4-1c3cf945565e \" > En iPlan Movilidad desarrollamos nuestra actividad bajo s\u00f3lidos principios \u00e9ticos, promoviendo una cultura basada en la integridad, la transparencia y el respeto en todas nuestras relaciones profesionales. Estamos firmemente comprometidos con la igualdad de oportunidades, la diversidad y la inclusi\u00f3n, garantizando un entorno de trabajo libre de discriminaci\u00f3n y donde todas las personas sean valoradas por su talento y aportaci\u00f3n. Asimismo, impulsamos pol\u00edticas y pr\u00e1cticas de responsabilidad social corporativa orientadas al desarrollo sostenible, el respeto a los derechos humanos, la protecci\u00f3n del medio ambiente y la generaci\u00f3n de impacto positivo en la sociedad. Este compromiso forma parte esencial de nuestra estrategia y gu\u00eda nuestra toma de decisiones en todos los \u00e1mbitos de actuaci\u00f3n.<\/p>\n<\/div><\/div>\n<\/div>\n\n\n\n<div class=\"wp-block-column is-layout-flow wp-block-column-is-layout-flow\" style=\"padding-right:0rem;padding-left:var(--wp--preset--spacing--80)\">\n<div class=\"wp-block-columns is-layout-flex wp-container-core-columns-is-layout-28f84493 wp-block-columns-is-layout-flex\">\n<div class=\"wp-block-column is-layout-flow wp-block-column-is-layout-flow\">\n<div style=\"height:100px\" aria-hidden=\"true\" class=\"wp-block-spacer\"><\/div>\n<\/div>\n<\/div>\n\n\n\n<div class=\"wp-block-columns is-layout-flex wp-container-core-columns-is-layout-28f84493 wp-block-columns-is-layout-flex\">\n<div class=\"wp-block-column is-layout-flow wp-block-column-is-layout-flow\" style=\"flex-basis:200px\">\n<p class=\"gutenakitid-708bfc7e-43f7-42cc-b983-5ffe22405604  has-text-align-left has-black-color has-text-color has-link-color has-small-font-size wp-elements-8e1fba3da656bada60e15866f24931d6\">CALIDAD Y <\/p>\n\n\n\n<p class=\"gutenakitid-708bfc7e-43f7-42cc-b983-5ffe22405604  has-text-align-left has-black-color has-text-color has-link-color has-small-font-size wp-elements-014a49de54416eab8001945f7f4e2492\">MEDIO AMBIENTE<\/p>\n<\/div>\n\n\n\n<div class=\"wp-block-column is-layout-flow wp-block-column-is-layout-flow\" style=\"padding-left:var(--wp--preset--spacing--80)\">\n<div class=\"wp-block-columns is-layout-flex wp-container-core-columns-is-layout-e79a657b wp-block-columns-is-layout-flex\" style=\"padding-top:0\">\n<div class=\"wp-block-column is-layout-flow wp-container-core-column-is-layout-50dc863e wp-block-column-is-layout-flow\" style=\"padding-top:0;padding-right:7rem\">\n<p class=\"gutenakitid-14cddfcf-5575-4669-9076-ab2fb7b06113  has-small-font-size\">iPlan Movilidad informa a sus clientes, colaboradores y partes interesadas que se encuentra actualmente en proceso de Re-Certificaci\u00f3n de su Sistema Integrado de Calidad y Medio Ambiente seg\u00fan las Normas UNE-EN-ISO 9001 y UNE-EN ISO 14001 para continuar con el<\/p>\n\n\n\n<p class=\"gutenakitid-14cddfcf-5575-4669-9076-ab2fb7b06113  has-small-font-size\">Este proceso reafirma nuestro compromiso con la mejora continua, la satisfacci\u00f3n de nuestros clientes, la protecci\u00f3n del medio ambiente y el cumplimiento de los requisitos legales y reglamentarios aplicables, consolidando as\u00ed nuestra apuesta por la excelencia y la sostenibilidad en todas nuestras actividades.<\/p>\n\n\n\n<div class=\"wp-block-columns is-layout-flex wp-container-core-columns-is-layout-28f84493 wp-block-columns-is-layout-flex\">\n<div class=\"wp-block-column is-layout-flow wp-block-column-is-layout-flow\">\n<div style=\"height:20px\" aria-hidden=\"true\" class=\"wp-block-spacer\"><\/div>\n\n\n\n<p class=\"gutenakitid-9b2e0d78-394e-42ff-9a05-b7472f763d03  has-text-align-left has-cyan-bluish-gray-color has-text-color has-link-color has-small-font-size wp-elements-031841a3d2003017d3463955e3c9a267\"><span style=\"text-decoration: underline;\"><a href=\"https:\/\/iplanmovilidad.com\/?page_id=2456\" title=\"\">Pol\u00edtica de Calidad y Medio Ambiente Compromiso de la Direcci\u00f3n<\/a><\/span><\/p>\n\n\n\n<div style=\"height:20px\" aria-hidden=\"true\" class=\"wp-block-spacer\"><\/div>\n\n\n\n<figure class=\"wp-block-image alignleft size-full is-resized\"><img fetchpriority=\"high\" decoding=\"async\" width=\"2560\" height=\"2501\" src=\"https:\/\/iplanmovilidad.com\/wp-content\/uploads\/2026\/02\/SGS-ISO-9001-COLOR-scaled.jpg\" alt=\"\" class=\"wp-image-1177\" style=\"width:79px;height:auto\" srcset=\"https:\/\/iplanmovilidad.com\/wp-content\/uploads\/2026\/02\/SGS-ISO-9001-COLOR-scaled.jpg 2560w, https:\/\/iplanmovilidad.com\/wp-content\/uploads\/2026\/02\/SGS-ISO-9001-COLOR-300x293.jpg 300w, https:\/\/iplanmovilidad.com\/wp-content\/uploads\/2026\/02\/SGS-ISO-9001-COLOR-1024x1001.jpg 1024w, https:\/\/iplanmovilidad.com\/wp-content\/uploads\/2026\/02\/SGS-ISO-9001-COLOR-768x750.jpg 768w, https:\/\/iplanmovilidad.com\/wp-content\/uploads\/2026\/02\/SGS-ISO-9001-COLOR-1536x1501.jpg 1536w, https:\/\/iplanmovilidad.com\/wp-content\/uploads\/2026\/02\/SGS-ISO-9001-COLOR-2048x2001.jpg 2048w\" sizes=\"(max-width: 2560px) 100vw, 2560px\" \/><\/figure>\n\n\n\n<figure class=\"wp-block-image alignleft size-full is-resized\"><img decoding=\"async\" width=\"2560\" height=\"2499\" src=\"https:\/\/iplanmovilidad.com\/wp-content\/uploads\/2026\/02\/SGS-ISO-14001-COLOR-scaled-1.jpg\" alt=\"\" class=\"wp-image-1178\" style=\"width:79px;height:auto\" srcset=\"https:\/\/iplanmovilidad.com\/wp-content\/uploads\/2026\/02\/SGS-ISO-14001-COLOR-scaled-1.jpg 2560w, https:\/\/iplanmovilidad.com\/wp-content\/uploads\/2026\/02\/SGS-ISO-14001-COLOR-scaled-1-300x293.jpg 300w, https:\/\/iplanmovilidad.com\/wp-content\/uploads\/2026\/02\/SGS-ISO-14001-COLOR-scaled-1-1024x1000.jpg 1024w, https:\/\/iplanmovilidad.com\/wp-content\/uploads\/2026\/02\/SGS-ISO-14001-COLOR-scaled-1-768x750.jpg 768w, https:\/\/iplanmovilidad.com\/wp-content\/uploads\/2026\/02\/SGS-ISO-14001-COLOR-scaled-1-1536x1499.jpg 1536w, https:\/\/iplanmovilidad.com\/wp-content\/uploads\/2026\/02\/SGS-ISO-14001-COLOR-scaled-1-2048x1999.jpg 2048w\" sizes=\"(max-width: 2560px) 100vw, 2560px\" \/><\/figure>\n\n\n\n<div style=\"height:20px\" aria-hidden=\"true\" class=\"wp-block-spacer\"><\/div>\n<\/div>\n<\/div>\n<\/div>\n<\/div>\n<\/div>\n<\/div>\n\n\n\n<div style=\"height:20px\" aria-hidden=\"true\" class=\"wp-block-spacer\"><\/div>\n\n\n\n<div class=\"wp-block-columns is-layout-flex wp-container-core-columns-is-layout-28f84493 wp-block-columns-is-layout-flex\">\n<div class=\"wp-block-column is-layout-flow wp-block-column-is-layout-flow\">\n<div class=\"wp-block-uagb-separator uagb-block-e55202d1\"><div class=\"wp-block-uagb-separator__inner\" style=\"--my-background-image:\"><\/div><\/div>\n<\/div>\n<\/div>\n\n\n\n<div class=\"wp-block-columns is-layout-flex wp-container-core-columns-is-layout-8d88fe0f wp-block-columns-is-layout-flex\" style=\"padding-top:var(--wp--preset--spacing--20);padding-bottom:var(--wp--preset--spacing--20)\">\n<div class=\"wp-block-column is-layout-flow wp-block-column-is-layout-flow\" style=\"flex-basis:200px\">\n<p class=\"gutenakitid-708bfc7e-43f7-42cc-b983-5ffe22405604  has-text-align-left has-black-color has-text-color has-link-color has-small-font-size wp-elements-1d519422a44d372d235be1d68e8c7c44\">MODELO EFR<\/p>\n<\/div>\n\n\n\n<div class=\"wp-block-column is-layout-flow wp-block-column-is-layout-flow\">\n<div class=\"wp-block-columns is-layout-flex wp-container-core-columns-is-layout-e79a657b wp-block-columns-is-layout-flex\" style=\"padding-top:0\">\n<div class=\"wp-block-column is-layout-flow wp-container-core-column-is-layout-cb0ba294 wp-block-column-is-layout-flow\" style=\"padding-top:0;padding-right:7rem;padding-left:var(--wp--preset--spacing--80)\">\n<p class=\"has-small-font-size\">Como muestra de nuestro compromiso continuo con la conciliaci\u00f3n de la vida personal, familiar y laboral, la igualdad de oportunidades y el desarrollo de un entorno de trabajo responsable y sostenible, iPlan Movilidad apuesta por la implantaci\u00f3n del Modelo EFR (Empresa Familiarmente Responsable) de la Fundaci\u00f3n M\u00e1sFamilia.&nbsp; <\/p>\n\n\n\n<div style=\"height:20px\" aria-hidden=\"true\" class=\"wp-block-spacer\"><\/div>\n\n\n\n<div style=\"height:20px\" aria-hidden=\"true\" class=\"wp-block-spacer\"><\/div>\n\n\n\n<div style=\"height:20px\" aria-hidden=\"true\" class=\"wp-block-spacer\"><\/div>\n\n\n\n<div style=\"height:20px\" aria-hidden=\"true\" class=\"wp-block-spacer\"><\/div>\n\n\n\n<div class=\"wp-block-columns is-layout-flex wp-container-core-columns-is-layout-28f84493 wp-block-columns-is-layout-flex\">\n<div class=\"wp-block-column is-layout-flow wp-block-column-is-layout-flow\">\n<div style=\"height:15px\" aria-hidden=\"true\" class=\"wp-block-spacer\"><\/div>\n\n\n\n<div class=\"wp-block-columns is-layout-flex wp-container-core-columns-is-layout-28f84493 wp-block-columns-is-layout-flex\">\n<div class=\"wp-block-column is-layout-flow wp-block-column-is-layout-flow\">\n<figure class=\"wp-block-image alignleft size-full is-resized\" style=\"margin-top:var(--wp--preset--spacing--30)\"><img decoding=\"async\" width=\"998\" height=\"750\" src=\"https:\/\/iplanmovilidad.com\/wp-content\/uploads\/2026\/04\/efr-actualizado.jpg\" alt=\"\" class=\"wp-image-2373\" style=\"width:90px;height:auto\" srcset=\"https:\/\/iplanmovilidad.com\/wp-content\/uploads\/2026\/04\/efr-actualizado.jpg 998w, https:\/\/iplanmovilidad.com\/wp-content\/uploads\/2026\/04\/efr-actualizado-300x225.jpg 300w, https:\/\/iplanmovilidad.com\/wp-content\/uploads\/2026\/04\/efr-actualizado-768x577.jpg 768w\" sizes=\"(max-width: 998px) 100vw, 998px\" \/><\/figure>\n\n\n\n<figure class=\"wp-block-image alignleft size-full is-resized\"><img loading=\"lazy\" decoding=\"async\" width=\"500\" height=\"100\" src=\"https:\/\/iplanmovilidad.com\/wp-content\/uploads\/2026\/02\/Logo-HeaderV2.png\" alt=\"\" class=\"wp-image-1166\" style=\"width:248px;height:auto\" srcset=\"https:\/\/iplanmovilidad.com\/wp-content\/uploads\/2026\/02\/Logo-HeaderV2.png 500w, https:\/\/iplanmovilidad.com\/wp-content\/uploads\/2026\/02\/Logo-HeaderV2-300x60.png 300w\" sizes=\"(max-width: 500px) 100vw, 500px\" \/><\/figure>\n\n\n\n<div style=\"height:20px\" aria-hidden=\"true\" class=\"wp-block-spacer\"><\/div>\n\n\n\n<div style=\"height:20px\" aria-hidden=\"true\" class=\"wp-block-spacer\"><\/div>\n<\/div>\n<\/div>\n<\/div>\n<\/div>\n<\/div>\n<\/div>\n<\/div>\n<\/div>\n\n\n\n<div class=\"wp-block-columns is-layout-flex wp-container-core-columns-is-layout-28f84493 wp-block-columns-is-layout-flex\">\n<div class=\"wp-block-column is-layout-flow wp-block-column-is-layout-flow\">\n<div class=\"wp-block-uagb-separator uagb-block-a76512d8\"><div class=\"wp-block-uagb-separator__inner\" style=\"--my-background-image:\"><\/div><\/div>\n<\/div>\n<\/div>\n\n\n\n<div class=\"wp-block-columns is-layout-flex wp-container-core-columns-is-layout-65e6f041 wp-block-columns-is-layout-flex\" style=\"padding-top:var(--wp--preset--spacing--20)\">\n<div class=\"wp-block-column is-layout-flow wp-block-column-is-layout-flow\" style=\"flex-basis:200px\">\n<p class=\"gutenakitid-708bfc7e-43f7-42cc-b983-5ffe22405604  has-text-align-left has-black-color has-text-color has-link-color has-small-font-size wp-elements-8cb6bc70113b408c9371c19c13150b61\">DERECHO DE LA COMPETENCIA<\/p>\n<\/div>\n\n\n\n<div class=\"wp-block-column is-layout-flow wp-block-column-is-layout-flow\">\n<div class=\"wp-block-columns is-layout-flex wp-container-core-columns-is-layout-e79a657b wp-block-columns-is-layout-flex\" style=\"padding-top:0\">\n<div class=\"wp-block-column is-layout-flow wp-container-core-column-is-layout-cb0ba294 wp-block-column-is-layout-flow\" style=\"padding-top:0;padding-right:7rem;padding-left:var(--wp--preset--spacing--80)\">\n<p class=\"has-small-font-size\">El cumplimiento de las normas de Derecho de la Competencia constituye uno de los pilares b\u00e1sicos de la cultura empresarial de iPlan Movilidad, como elemento fundamental de la responsabilidad de nuestra empresa para con sus clientes, colaboradores, proveedores y consumidores en general.<\/p>\n\n\n\n<div style=\"height:40px\" aria-hidden=\"true\" class=\"wp-block-spacer\"><\/div>\n\n\n\n<p class=\"has-small-font-size\">iPlan Movilidad se inspira en una pol\u00edtica de tolerancia cero con todos aquellos que incumplan o no respeten las normas de Derecho de la Competencia.<\/p>\n\n\n\n<div style=\"height:60px\" aria-hidden=\"true\" class=\"wp-block-spacer\"><\/div>\n<\/div>\n<\/div>\n<\/div>\n<\/div>\n\n\n\n<div class=\"wp-block-columns is-layout-flex wp-container-core-columns-is-layout-28f84493 wp-block-columns-is-layout-flex\">\n<div class=\"wp-block-column is-layout-flow wp-block-column-is-layout-flow\">\n<div class=\"wp-block-uagb-separator uagb-block-62511837\"><div class=\"wp-block-uagb-separator__inner\" style=\"--my-background-image:\"><\/div><\/div>\n<\/div>\n<\/div>\n\n\n\n<div class=\"wp-block-columns is-layout-flex wp-container-core-columns-is-layout-65e6f041 wp-block-columns-is-layout-flex\" style=\"padding-top:var(--wp--preset--spacing--20)\">\n<div class=\"wp-block-column is-layout-flow wp-block-column-is-layout-flow\" style=\"flex-basis:200px\">\n<p class=\"gutenakitid-708bfc7e-43f7-42cc-b983-5ffe22405604  has-text-align-left has-black-color has-text-color has-link-color has-small-font-size wp-elements-db088b8910f664a40b3d641656f2be46\">CANAL DE COMUNICACI\u00d3N<\/p>\n<\/div>\n\n\n\n<div class=\"wp-block-column is-layout-flow wp-block-column-is-layout-flow\">\n<div class=\"wp-block-columns is-layout-flex wp-container-core-columns-is-layout-e79a657b wp-block-columns-is-layout-flex\" style=\"padding-top:0\">\n<div class=\"wp-block-column is-layout-flow wp-container-core-column-is-layout-cb0ba294 wp-block-column-is-layout-flow\" style=\"padding-top:0;padding-right:7rem;padding-left:var(--wp--preset--spacing--80)\">\n<p class=\"gutenakitid-b9a937bd-16d1-4ad4-af6a-f6725bf17187  has-small-font-size\">iPlan Movilidad pone a disposici\u00f3n de sus partes interesadas un Canal de Comunicaci\u00f3n a trav\u00e9s del cual clientes, proveedores, colaboradores, administraciones p\u00fablicas y dem\u00e1s grupos de inter\u00e9s pueden trasladarnos sus consultas, sugerencias, felicitaciones, quejas o cualquier informaci\u00f3n relevante relacionada con nuestras actividades. Este canal tiene como objetivo fomentar un di\u00e1logo abierto, transparente y bidireccional, reforzando nuestro compromiso con la mejora continua, el cumplimiento normativo y la gesti\u00f3n responsable. Todas las comunicaciones ser\u00e1n tratadas con la debida confidencialidad y analizadas de manera diligente para garantizar una respuesta adecuada y oportuna.<\/p>\n\n\n\n<div style=\"height:40px\" aria-hidden=\"true\" class=\"wp-block-spacer\"><\/div>\n\n\n\n<p class=\"gutenakitid-9b2e0d78-394e-42ff-9a05-b7472f763d03  has-text-align-left has-cyan-bluish-gray-color has-text-color has-link-color has-small-font-size wp-elements-aa475e59a8762d4f9ab40735273f0f74\"><a href=\"mailto:info@iplanmovilidad.com\">info@iplanmovilidad.com<\/a><\/p>\n\n\n\n<div style=\"height:100px\" aria-hidden=\"true\" class=\"wp-block-spacer\"><\/div>\n<\/div>\n<\/div>\n<\/div>\n<\/div>\n<\/div>\n<\/div>\n\n\n\n<div style=\"height:150px\" aria-hidden=\"true\" class=\"wp-block-spacer\"><\/div>\n","protected":false},"excerpt":{"rendered":"<p>Responsabilidad Social Corporativa En iPlan Movilidad desarrollamos nuestra actividad bajo s\u00f3lidos principios \u00e9ticos, promoviendo una cultura basada en la integridad, [&hellip;]<\/p>\n","protected":false},"author":1,"featured_media":0,"parent":0,"menu_order":0,"comment_status":"closed","ping_status":"closed","template":"","meta":{"_uag_custom_page_level_css":"","site-sidebar-layout":"default","site-content-layout":"","ast-site-content-layout":"default","site-content-style":"default","site-sidebar-style":"default","ast-global-header-display":"","ast-banner-title-visibility":"","ast-main-header-display":"","ast-hfb-above-header-display":"","ast-hfb-below-header-display":"","ast-hfb-mobile-header-display":"","site-post-title":"disabled","ast-breadcrumbs-content":"","ast-featured-img":"","footer-sml-layout":"","ast-disable-related-posts":"","theme-transparent-header-meta":"","adv-header-id-meta":"","stick-header-meta":"","header-above-stick-meta":"","header-main-stick-meta":"","header-below-stick-meta":"","astra-migrate-meta-layouts":"default","ast-page-background-enabled":"default","ast-page-background-meta":{"desktop":{"background-color":"var(--ast-global-color-5)","background-image":"","background-repeat":"repeat","background-position":"center center","background-size":"auto","background-attachment":"scroll","background-type":"","background-media":"","overlay-type":"","overlay-color":"","overlay-opacity":"","overlay-gradient":""},"tablet":{"background-color":"","background-image":"","background-repeat":"repeat","background-position":"center center","background-size":"auto","background-attachment":"scroll","background-type":"","background-media":"","overlay-type":"","overlay-color":"","overlay-opacity":"","overlay-gradient":""},"mobile":{"background-color":"","background-image":"","background-repeat":"repeat","background-position":"center center","background-size":"auto","background-attachment":"scroll","background-type":"","background-media":"","overlay-type":"","overlay-color":"","overlay-opacity":"","overlay-gradient":""}},"ast-content-background-meta":{"desktop":{"background-color":"var(--ast-global-color-4)","background-image":"","background-repeat":"repeat","background-position":"center center","background-size":"auto","background-attachment":"scroll","background-type":"","background-media":"","overlay-type":"","overlay-color":"","overlay-opacity":"","overlay-gradient":""},"tablet":{"background-color":"var(--ast-global-color-4)","background-image":"","background-repeat":"repeat","background-position":"center center","background-size":"auto","background-attachment":"scroll","background-type":"","background-media":"","overlay-type":"","overlay-color":"","overlay-opacity":"","overlay-gradient":""},"mobile":{"background-color":"var(--ast-global-color-4)","background-image":"","background-repeat":"repeat","background-position":"center center","background-size":"auto","background-attachment":"scroll","background-type":"","background-media":"","overlay-type":"","overlay-color":"","overlay-opacity":"","overlay-gradient":""}},"footnotes":""},"class_list":["post-2340","page","type-page","status-publish","hentry"],"aioseo_notices":[],"uagb_featured_image_src":{"full":false,"thumbnail":false,"medium":false,"medium_large":false,"large":false,"1536x1536":false,"2048x2048":false},"uagb_author_info":{"display_name":"admin","author_link":"https:\/\/iplanmovilidad.com\/?author=1"},"uagb_comment_info":0,"uagb_excerpt":"Responsabilidad Social Corporativa En iPlan Movilidad desarrollamos nuestra actividad bajo s\u00f3lidos principios \u00e9ticos, promoviendo una cultura basada en la integridad, [&hellip;]","_links":{"self":[{"href":"https:\/\/iplanmovilidad.com\/index.php?rest_route=\/wp\/v2\/pages\/2340","targetHints":{"allow":["GET"]}}],"collection":[{"href":"https:\/\/iplanmovilidad.com\/index.php?rest_route=\/wp\/v2\/pages"}],"about":[{"href":"https:\/\/iplanmovilidad.com\/index.php?rest_route=\/wp\/v2\/types\/page"}],"author":[{"embeddable":true,"href":"https:\/\/iplanmovilidad.com\/index.php?rest_route=\/wp\/v2\/users\/1"}],"replies":[{"embeddable":true,"href":"https:\/\/iplanmovilidad.com\/index.php?rest_route=%2Fwp%2Fv2%2Fcomments&post=2340"}],"version-history":[{"count":36,"href":"https:\/\/iplanmovilidad.com\/index.php?rest_route=\/wp\/v2\/pages\/2340\/revisions"}],"predecessor-version":[{"id":2850,"href":"https:\/\/iplanmovilidad.com\/index.php?rest_route=\/wp\/v2\/pages\/2340\/revisions\/2850"}],"wp:attachment":[{"href":"https:\/\/iplanmovilidad.com\/index.php?rest_route=%2Fwp%2Fv2%2Fmedia&parent=2340"}],"curies":[{"name":"wp","href":"https:\/\/api.w.org\/{rel}","templated":true}]}}