{"id":1131,"date":"2026-02-20T14:15:11","date_gmt":"2026-02-20T14:15:11","guid":{"rendered":"https:\/\/temporal.iplanmovilidad.com\/?page_id=1131"},"modified":"2026-04-13T14:00:48","modified_gmt":"2026-04-13T14:00:48","slug":"1131-2","status":"publish","type":"page","link":"https:\/\/iplanmovilidad.com\/?page_id=1131","title":{"rendered":"Quienes somos"},"content":{"rendered":"\n<div class=\"wp-block-columns is-layout-flex wp-container-core-columns-is-layout-28f84493 wp-block-columns-is-layout-flex\">\n<div class=\"wp-block-column is-layout-flow wp-block-column-is-layout-flow\">\n<div style=\"height:100px\" aria-hidden=\"true\" class=\"wp-block-spacer\"><\/div>\n<\/div>\n\n\n\n<div class=\"wp-block-column is-layout-flow wp-block-column-is-layout-flow\" style=\"flex-basis:55%\">\n<div class=\"wp-block-uagb-container uagb-block-6240d75a alignfull uagb-is-root-container\"><div class=\"uagb-container-inner-blocks-wrap\">\n<div class=\"wp-block-columns is-layout-flex wp-container-core-columns-is-layout-28f84493 wp-block-columns-is-layout-flex\">\n<div class=\"wp-block-column is-layout-flow wp-block-column-is-layout-flow\">\n<div class=\"wp-block-uagb-container uagb-block-c12ce4f2 alignfull uagb-is-root-container\"><div class=\"uagb-container-inner-blocks-wrap\">\n<p class=\"gutenakitid-7d1c86fa-0cfc-4902-b1ea-f371d3105847 \" > Qui\u00e9nes somos<\/p>\n\n\n\n<div class=\"wp-block-uagb-separator uagb-block-6abded16\"><div class=\"wp-block-uagb-separator__inner\" style=\"--my-background-image:\"><\/div><\/div>\n\n\n\n<p class=\"gutenakitid-f0b5f73f-5bcd-4fe8-81cf-0cef69d3ccbd \" > Especialistas en consultor\u00eda, asesoramiento y asistencia t\u00e9cnica en el \u00e1mbito del transporte de viajeros y mercanc\u00edas con posicionamiento a nivel nacional e internacional.<\/p>\n\n\n\n<div style=\"height:25px\" aria-hidden=\"true\" class=\"wp-block-spacer\"><\/div>\n\n\n\n<p class=\"gutenakitid-b81c9ba4-eae6-449d-b31f-3819d7626337  has-text-align-left has-small-font-size\">Contamos con un equipo de car\u00e1cter multidisciplinar altamente especializado (compuesto por ingenieros, abogados, economistas, inform\u00e1ticos, etc.), con presencia en todo el territorio nacional lo que nos permite dar soluciones eficientes, enfocadas al cliente y al usuario final, y aportar un conocimiento espec\u00edfico de la realidad del terreno.<br><\/p>\n\n\n\n<div style=\"height:10px\" aria-hidden=\"true\" class=\"wp-block-spacer\"><\/div>\n\n\n\n<p class=\"gutenakitid-b81c9ba4-eae6-449d-b31f-3819d7626337  has-text-align-left has-small-font-size\">Desde nuestros inicios, en el a\u00f1o 2013, en iPlan Movilidad, trabajamos con pasi\u00f3n en proporcionar asesoramiento t\u00e9cnico independiente e integral en el \u00e1mbito de movilidad, tr\u00e1fico y transporte.<\/p>\n<\/div><\/div>\n\n\n\n<div style=\"height:20px\" aria-hidden=\"true\" class=\"wp-block-spacer\"><\/div>\n\n\n\n<div class=\"wp-block-columns is-layout-flex wp-container-core-columns-is-layout-28f84493 wp-block-columns-is-layout-flex\">\n<div class=\"wp-block-column is-layout-flow wp-block-column-is-layout-flow\" style=\"flex-basis:33.33%\">\n<figure class=\"wp-block-image size-full\"><img fetchpriority=\"high\" decoding=\"async\" width=\"1784\" height=\"2560\" src=\"https:\/\/iplanmovilidad.com\/wp-content\/uploads\/2026\/02\/mision-scaled.jpg\" alt=\"\" class=\"wp-image-1152\" srcset=\"https:\/\/iplanmovilidad.com\/wp-content\/uploads\/2026\/02\/mision-scaled.jpg 1784w, https:\/\/iplanmovilidad.com\/wp-content\/uploads\/2026\/02\/mision-209x300.jpg 209w, https:\/\/iplanmovilidad.com\/wp-content\/uploads\/2026\/02\/mision-713x1024.jpg 713w, https:\/\/iplanmovilidad.com\/wp-content\/uploads\/2026\/02\/mision-768x1102.jpg 768w, https:\/\/iplanmovilidad.com\/wp-content\/uploads\/2026\/02\/mision-1070x1536.jpg 1070w, https:\/\/iplanmovilidad.com\/wp-content\/uploads\/2026\/02\/mision-1427x2048.jpg 1427w\" sizes=\"(max-width: 1784px) 100vw, 1784px\" \/><\/figure>\n<\/div>\n\n\n\n<div class=\"wp-block-column is-layout-flow wp-block-column-is-layout-flow\" style=\"flex-basis:66.66%\">\n<figure class=\"wp-block-image size-full\"><img decoding=\"async\" width=\"1299\" height=\"935\" src=\"https:\/\/iplanmovilidad.com\/wp-content\/uploads\/2026\/02\/vision-2.jpg\" alt=\"\" class=\"wp-image-1163\" srcset=\"https:\/\/iplanmovilidad.com\/wp-content\/uploads\/2026\/02\/vision-2.jpg 1299w, https:\/\/iplanmovilidad.com\/wp-content\/uploads\/2026\/02\/vision-2-300x216.jpg 300w, https:\/\/iplanmovilidad.com\/wp-content\/uploads\/2026\/02\/vision-2-1024x737.jpg 1024w, https:\/\/iplanmovilidad.com\/wp-content\/uploads\/2026\/02\/vision-2-768x553.jpg 768w\" sizes=\"(max-width: 1299px) 100vw, 1299px\" \/><\/figure>\n<\/div>\n<\/div>\n\n\n\n<div style=\"height:29px\" aria-hidden=\"true\" class=\"wp-block-spacer\"><\/div>\n\n\n\n<p class=\"gutenakitid-708bfc7e-43f7-42cc-b983-5ffe22405604  has-text-align-left has-black-color has-text-color has-link-color has-small-font-size wp-elements-85febd7001813664a0a92d48df0366d7\">MISI\u00d3N<\/p>\n\n\n\n<div style=\"height:10px\" aria-hidden=\"true\" class=\"wp-block-spacer\"><\/div>\n\n\n\n<p class=\"has-small-font-size\">Ser referencia y socio de confianza de empresas e instituciones p\u00fablicas en el \u00e1mbito nacional e internacional, con servicios de consultor\u00eda y planificaci\u00f3n integral de movilidad, tr\u00e1fico y transporte tanto de personas como de mercanc\u00edas<br>que se adapten de manera precisa a las necesidades de nuestros clientes. Enfocados en superar expectativas con un alto grado de calidad, satisfacci\u00f3n y confianza en cada proyecto que emprendemos.<\/p>\n\n\n\n<div style=\"height:29px\" aria-hidden=\"true\" class=\"wp-block-spacer\"><\/div>\n\n\n\n<p class=\"gutenakitid-708bfc7e-43f7-42cc-b983-5ffe22405604  has-text-align-left has-black-color has-text-color has-link-color has-small-font-size wp-elements-5d7960576f0a7c7ac2201543e80d8c7a\">VISI\u00d3N<\/p>\n\n\n\n<div style=\"height:10px\" aria-hidden=\"true\" class=\"wp-block-spacer\"><\/div>\n\n\n\n<p class=\"has-small-font-size\">Liderar el camino en la consultor\u00eda y planificaci\u00f3n de movilidad, tr\u00e1fico y transporte. Buscamos ser catalizadores de cambios positivos y transformar la manera en que las ciudades y comunidades se desplazan, crecen y prosperan.<br>Nuestro horizonte se define por la excelencia, la innovaci\u00f3n y la sostenibilidad, mientras contribuimos al desarrollo sostenible en cada paso que damos hacia el futuro.<\/p>\n\n\n\n<div style=\"height:16px\" aria-hidden=\"true\" class=\"wp-block-spacer\"><\/div>\n\n\n\n<div style=\"height:100px\" aria-hidden=\"true\" class=\"wp-block-spacer\"><\/div>\n<\/div>\n<\/div>\n<\/div><\/div>\n<\/div>\n\n\n\n<div class=\"wp-block-column is-layout-flow wp-block-column-is-layout-flow\">\n<div style=\"height:100px\" aria-hidden=\"true\" class=\"wp-block-spacer\"><\/div>\n<\/div>\n<\/div>\n\n\n\n<p><\/p>\n","protected":false},"excerpt":{"rendered":"<p>Qui\u00e9nes somos Especialistas en consultor\u00eda, asesoramiento y asistencia t\u00e9cnica en el \u00e1mbito del transporte de viajeros y mercanc\u00edas con posicionamiento [&hellip;]<\/p>\n","protected":false},"author":1,"featured_media":0,"parent":0,"menu_order":0,"comment_status":"closed","ping_status":"closed","template":"","meta":{"_uag_custom_page_level_css":"","site-sidebar-layout":"default","site-content-layout":"","ast-site-content-layout":"default","site-content-style":"default","site-sidebar-style":"default","ast-global-header-display":"","ast-banner-title-visibility":"","ast-main-header-display":"","ast-hfb-above-header-display":"","ast-hfb-below-header-display":"","ast-hfb-mobile-header-display":"","site-post-title":"disabled","ast-breadcrumbs-content":"","ast-featured-img":"","footer-sml-layout":"","ast-disable-related-posts":"","theme-transparent-header-meta":"","adv-header-id-meta":"","stick-header-meta":"","header-above-stick-meta":"","header-main-stick-meta":"","header-below-stick-meta":"","astra-migrate-meta-layouts":"default","ast-page-background-enabled":"default","ast-page-background-meta":{"desktop":{"background-color":"var(--ast-global-color-5)","background-image":"","background-repeat":"repeat","background-position":"center center","background-size":"auto","background-attachment":"scroll","background-type":"","background-media":"","overlay-type":"","overlay-color":"","overlay-opacity":"","overlay-gradient":""},"tablet":{"background-color":"","background-image":"","background-repeat":"repeat","background-position":"center center","background-size":"auto","background-attachment":"scroll","background-type":"","background-media":"","overlay-type":"","overlay-color":"","overlay-opacity":"","overlay-gradient":""},"mobile":{"background-color":"","background-image":"","background-repeat":"repeat","background-position":"center center","background-size":"auto","background-attachment":"scroll","background-type":"","background-media":"","overlay-type":"","overlay-color":"","overlay-opacity":"","overlay-gradient":""}},"ast-content-background-meta":{"desktop":{"background-color":"var(--ast-global-color-4)","background-image":"","background-repeat":"repeat","background-position":"center center","background-size":"auto","background-attachment":"scroll","background-type":"","background-media":"","overlay-type":"","overlay-color":"","overlay-opacity":"","overlay-gradient":""},"tablet":{"background-color":"var(--ast-global-color-4)","background-image":"","background-repeat":"repeat","background-position":"center center","background-size":"auto","background-attachment":"scroll","background-type":"","background-media":"","overlay-type":"","overlay-color":"","overlay-opacity":"","overlay-gradient":""},"mobile":{"background-color":"var(--ast-global-color-4)","background-image":"","background-repeat":"repeat","background-position":"center center","background-size":"auto","background-attachment":"scroll","background-type":"","background-media":"","overlay-type":"","overlay-color":"","overlay-opacity":"","overlay-gradient":""}},"footnotes":""},"class_list":["post-1131","page","type-page","status-publish","hentry"],"aioseo_notices":[],"uagb_featured_image_src":{"full":false,"thumbnail":false,"medium":false,"medium_large":false,"large":false,"1536x1536":false,"2048x2048":false},"uagb_author_info":{"display_name":"admin","author_link":"https:\/\/iplanmovilidad.com\/?author=1"},"uagb_comment_info":0,"uagb_excerpt":"Qui\u00e9nes somos Especialistas en consultor\u00eda, asesoramiento y asistencia t\u00e9cnica en el \u00e1mbito del transporte de viajeros y mercanc\u00edas con posicionamiento [&hellip;]","_links":{"self":[{"href":"https:\/\/iplanmovilidad.com\/index.php?rest_route=\/wp\/v2\/pages\/1131","targetHints":{"allow":["GET"]}}],"collection":[{"href":"https:\/\/iplanmovilidad.com\/index.php?rest_route=\/wp\/v2\/pages"}],"about":[{"href":"https:\/\/iplanmovilidad.com\/index.php?rest_route=\/wp\/v2\/types\/page"}],"author":[{"embeddable":true,"href":"https:\/\/iplanmovilidad.com\/index.php?rest_route=\/wp\/v2\/users\/1"}],"replies":[{"embeddable":true,"href":"https:\/\/iplanmovilidad.com\/index.php?rest_route=%2Fwp%2Fv2%2Fcomments&post=1131"}],"version-history":[{"count":37,"href":"https:\/\/iplanmovilidad.com\/index.php?rest_route=\/wp\/v2\/pages\/1131\/revisions"}],"predecessor-version":[{"id":2793,"href":"https:\/\/iplanmovilidad.com\/index.php?rest_route=\/wp\/v2\/pages\/1131\/revisions\/2793"}],"wp:attachment":[{"href":"https:\/\/iplanmovilidad.com\/index.php?rest_route=%2Fwp%2Fv2%2Fmedia&parent=1131"}],"curies":[{"name":"wp","href":"https:\/\/api.w.org\/{rel}","templated":true}]}}